{"id":7184,"date":"2018-04-08T19:32:09","date_gmt":"2018-04-08T17:32:09","guid":{"rendered":"https:\/\/happymonkspublication.org\/?post_type=product&#038;p=7184"},"modified":"2019-02-09T13:33:40","modified_gmt":"2019-02-09T12:33:40","slug":"leere-filme-kino-und-leerheit","status":"publish","type":"product","link":"https:\/\/happymonkspublication.org\/de\/veroeffentlichungen\/leere-filme-kino-und-leerheit\/","title":{"rendered":"Leere Filme \u2013 Kino und Leerheit"},"content":{"rendered":"<div id=\"fb-root\"><\/div>\n<p><strong>Einleitung<\/strong><\/p>\n<div>Vor zweitausend Jahren lehrte der Buddha zwei Wahrheiten, die illusion\u00e4re allgemeine Wahrheit und die endg\u00fcltige Wahrheit. Er nannte die allgemeine Wahrheit illusion\u00e4r, weil wir sie nicht so wahrnehmen, wie sie wirklich ist. Endg\u00fcltige Wahrheit ist Leerheit, und um Leerheit zu verstehen, m\u00fcssen wir den Unterschied zwischen Erscheinung und Wirklichkeit verstehen. Dieser Unterschied besteht in dem Widerspruch zwischen der Erscheinung eines Objektes und des Fehlens, der Leerheit dieses Objekts von seiner wahren Existenz. Wenn wir diesen Widerspruch in unserer Wahrnehmung als das erkennen, was er ist, n\u00e4mlich eine Verzerrung der Wirklichkeit, sind wir gefeit gegen alle qu\u00e4lenden Gedanken. Der Glaube an eine Wirklichkeit, die es so, wie wir sie wahrnehmen, gar nicht gibt, ist Quelle s\u00e4mtlicher st\u00f6renden Gedanken.<\/div>\n","protected":false},"excerpt":{"rendered":"<h3>Geistige Sch\u00f6pfungen in unserem Leben<\/h3>\n<div>&nbsp;<\/div>\n<div>&nbsp;<\/div>\n<blockquote><p>\nDas, was wir \u201cIch\u201d nennen, ist frei von eigenst\u00e4ndiger Existenz \u2013 denn es existiert nicht unabh\u00e4ngig; auch wir existieren ja nicht in unserem Spiegelbild.<\/p><\/blockquote>\n<p>Jetsun Ch\u00f6gy-Gyaltsen<\/p>\n<div>&nbsp;<\/div>\n","protected":false},"featured_media":7191,"template":"","meta":[],"product_brand":[],"product_cat":[370],"product_tag":[],"class_list":{"0":"post-7184","1":"product","2":"type-product","3":"status-publish","4":"has-post-thumbnail","6":"product_cat-madhyamaka-de","7":"pa_book-author-ehrw-fedor-stracke","8":"pa_book-category-madhyamaka-de","10":"first","11":"instock","12":"downloadable","13":"virtual","14":"product-type-simple"},"yoast_head":"<!-- This site is optimized with the Yoast SEO plugin v27.1.1 - https:\/\/yoast.com\/product\/yoast-seo-wordpress\/ -->\n<title>Leere Filme \u2013 Kino und Leerheit - happymonkspublication.org<\/title>\n<meta name=\"robots\" content=\"index, follow, max-snippet:-1, max-image-preview:large, max-video-preview:-1\" \/>\n<link rel=\"canonical\" href=\"https:\/\/happymonkspublication.org\/de\/veroeffentlichungen\/leere-filme-kino-und-leerheit\/\" \/>\n<meta property=\"og:locale\" content=\"de_DE\" \/>\n<meta property=\"og:type\" content=\"article\" \/>\n<meta property=\"og:title\" content=\"Leere Filme \u2013 Kino und Leerheit - happymonkspublication.org\" \/>\n<meta property=\"og:description\" content=\"Geistige Sch\u00f6pfungen in unserem Leben &nbsp; &nbsp;  Das, was wir \u201cIch\u201d nennen, ist frei von eigenst\u00e4ndiger Existenz \u2013 denn es existiert nicht unabh\u00e4ngig; auch wir existieren ja nicht in unserem Spiegelbild. Jetsun Ch\u00f6gy-Gyaltsen &nbsp;\" \/>\n<meta property=\"og:url\" content=\"https:\/\/happymonkspublication.org\/de\/veroeffentlichungen\/leere-filme-kino-und-leerheit\/\" \/>\n<meta property=\"og:site_name\" content=\"happymonkspublication.org\" \/>\n<meta property=\"article:modified_time\" content=\"2019-02-09T12:33:40+00:00\" \/>\n<meta property=\"og:image\" content=\"https:\/\/happymonkspublication.org\/wp-content\/uploads\/2018\/04\/HMP_LeereFilme-KinoUndLeerheit_front.jpg\" \/>\n\t<meta property=\"og:image:width\" content=\"858\" \/>\n\t<meta property=\"og:image:height\" content=\"1111\" \/>\n\t<meta property=\"og:image:type\" content=\"image\/jpeg\" \/>\n<meta name=\"twitter:card\" content=\"summary_large_image\" \/>\n<meta name=\"twitter:label1\" content=\"Gesch\u00e4tzte Lesezeit\" \/>\n\t<meta name=\"twitter:data1\" content=\"1\u00a0Minute\" \/>\n<script type=\"application\/ld+json\" class=\"yoast-schema-graph\">{\"@context\":\"https:\/\/schema.org\",\"@graph\":[{\"@type\":\"WebPage\",\"@id\":\"https:\/\/happymonkspublication.org\/de\/veroeffentlichungen\/leere-filme-kino-und-leerheit\/\",\"url\":\"https:\/\/happymonkspublication.org\/de\/veroeffentlichungen\/leere-filme-kino-und-leerheit\/\",\"name\":\"Leere Filme \u2013 Kino und Leerheit - happymonkspublication.org\",\"isPartOf\":{\"@id\":\"https:\/\/happymonkspublication.org\/#website\"},\"primaryImageOfPage\":{\"@id\":\"https:\/\/happymonkspublication.org\/de\/veroeffentlichungen\/leere-filme-kino-und-leerheit\/#primaryimage\"},\"image\":{\"@id\":\"https:\/\/happymonkspublication.org\/de\/veroeffentlichungen\/leere-filme-kino-und-leerheit\/#primaryimage\"},\"thumbnailUrl\":\"https:\/\/happymonkspublication.org\/wp-content\/uploads\/2018\/04\/HMP_LeereFilme-KinoUndLeerheit_front.jpg\",\"datePublished\":\"2018-04-08T17:32:09+00:00\",\"dateModified\":\"2019-02-09T12:33:40+00:00\",\"breadcrumb\":{\"@id\":\"https:\/\/happymonkspublication.org\/de\/veroeffentlichungen\/leere-filme-kino-und-leerheit\/#breadcrumb\"},\"inLanguage\":\"de\",\"potentialAction\":[{\"@type\":\"ReadAction\",\"target\":[\"https:\/\/happymonkspublication.org\/de\/veroeffentlichungen\/leere-filme-kino-und-leerheit\/\"]}]},{\"@type\":\"ImageObject\",\"inLanguage\":\"de\",\"@id\":\"https:\/\/happymonkspublication.org\/de\/veroeffentlichungen\/leere-filme-kino-und-leerheit\/#primaryimage\",\"url\":\"https:\/\/happymonkspublication.org\/wp-content\/uploads\/2018\/04\/HMP_LeereFilme-KinoUndLeerheit_front.jpg\",\"contentUrl\":\"https:\/\/happymonkspublication.org\/wp-content\/uploads\/2018\/04\/HMP_LeereFilme-KinoUndLeerheit_front.jpg\",\"width\":858,\"height\":1111,\"caption\":\"HappyMonksPublication - Leere Filme - Kino und Leerheit - front\"},{\"@type\":\"BreadcrumbList\",\"@id\":\"https:\/\/happymonkspublication.org\/de\/veroeffentlichungen\/leere-filme-kino-und-leerheit\/#breadcrumb\",\"itemListElement\":[{\"@type\":\"ListItem\",\"position\":1,\"name\":\"Home\",\"item\":\"https:\/\/happymonkspublication.org\/de\/\"},{\"@type\":\"ListItem\",\"position\":2,\"name\":\"Shop\",\"item\":\"https:\/\/happymonkspublication.org\/shop\/\"},{\"@type\":\"ListItem\",\"position\":3,\"name\":\"Leere Filme \u2013 Kino und Leerheit\"}]},{\"@type\":\"WebSite\",\"@id\":\"https:\/\/happymonkspublication.org\/#website\",\"url\":\"https:\/\/happymonkspublication.org\/\",\"name\":\"happymonkspublication.org\",\"description\":\"HappyMonksPublication\",\"publisher\":{\"@id\":\"https:\/\/happymonkspublication.org\/#organization\"},\"potentialAction\":[{\"@type\":\"SearchAction\",\"target\":{\"@type\":\"EntryPoint\",\"urlTemplate\":\"https:\/\/happymonkspublication.org\/?s={search_term_string}\"},\"query-input\":{\"@type\":\"PropertyValueSpecification\",\"valueRequired\":true,\"valueName\":\"search_term_string\"}}],\"inLanguage\":\"de\"},{\"@type\":\"Organization\",\"@id\":\"https:\/\/happymonkspublication.org\/#organization\",\"name\":\"HappyMonksPublication\",\"url\":\"https:\/\/happymonkspublication.org\/\",\"logo\":{\"@type\":\"ImageObject\",\"inLanguage\":\"de\",\"@id\":\"https:\/\/happymonkspublication.org\/#\/schema\/logo\/image\/\",\"url\":\"https:\/\/happymonkspublication.org\/wp-content\/uploads\/2018\/02\/happymonkspublication-logo_quer_maron_439px.png\",\"contentUrl\":\"https:\/\/happymonkspublication.org\/wp-content\/uploads\/2018\/02\/happymonkspublication-logo_quer_maron_439px.png\",\"width\":709,\"height\":376,\"caption\":\"HappyMonksPublication\"},\"image\":{\"@id\":\"https:\/\/happymonkspublication.org\/#\/schema\/logo\/image\/\"}}]}<\/script>\n<!-- \/ Yoast SEO plugin. -->","yoast_head_json":{"title":"Leere Filme \u2013 Kino und Leerheit - happymonkspublication.org","robots":{"index":"index","follow":"follow","max-snippet":"max-snippet:-1","max-image-preview":"max-image-preview:large","max-video-preview":"max-video-preview:-1"},"canonical":"https:\/\/happymonkspublication.org\/de\/veroeffentlichungen\/leere-filme-kino-und-leerheit\/","og_locale":"de_DE","og_type":"article","og_title":"Leere Filme \u2013 Kino und Leerheit - happymonkspublication.org","og_description":"Geistige Sch\u00f6pfungen in unserem Leben &nbsp; &nbsp;  Das, was wir \u201cIch\u201d nennen, ist frei von eigenst\u00e4ndiger Existenz \u2013 denn es existiert nicht unabh\u00e4ngig; auch wir existieren ja nicht in unserem Spiegelbild. Jetsun Ch\u00f6gy-Gyaltsen &nbsp;","og_url":"https:\/\/happymonkspublication.org\/de\/veroeffentlichungen\/leere-filme-kino-und-leerheit\/","og_site_name":"happymonkspublication.org","article_modified_time":"2019-02-09T12:33:40+00:00","og_image":[{"width":858,"height":1111,"url":"https:\/\/happymonkspublication.org\/wp-content\/uploads\/2018\/04\/HMP_LeereFilme-KinoUndLeerheit_front.jpg","type":"image\/jpeg"}],"twitter_card":"summary_large_image","twitter_misc":{"Gesch\u00e4tzte Lesezeit":"1\u00a0Minute"},"schema":{"@context":"https:\/\/schema.org","@graph":[{"@type":"WebPage","@id":"https:\/\/happymonkspublication.org\/de\/veroeffentlichungen\/leere-filme-kino-und-leerheit\/","url":"https:\/\/happymonkspublication.org\/de\/veroeffentlichungen\/leere-filme-kino-und-leerheit\/","name":"Leere Filme \u2013 Kino und Leerheit - happymonkspublication.org","isPartOf":{"@id":"https:\/\/happymonkspublication.org\/#website"},"primaryImageOfPage":{"@id":"https:\/\/happymonkspublication.org\/de\/veroeffentlichungen\/leere-filme-kino-und-leerheit\/#primaryimage"},"image":{"@id":"https:\/\/happymonkspublication.org\/de\/veroeffentlichungen\/leere-filme-kino-und-leerheit\/#primaryimage"},"thumbnailUrl":"https:\/\/happymonkspublication.org\/wp-content\/uploads\/2018\/04\/HMP_LeereFilme-KinoUndLeerheit_front.jpg","datePublished":"2018-04-08T17:32:09+00:00","dateModified":"2019-02-09T12:33:40+00:00","breadcrumb":{"@id":"https:\/\/happymonkspublication.org\/de\/veroeffentlichungen\/leere-filme-kino-und-leerheit\/#breadcrumb"},"inLanguage":"de","potentialAction":[{"@type":"ReadAction","target":["https:\/\/happymonkspublication.org\/de\/veroeffentlichungen\/leere-filme-kino-und-leerheit\/"]}]},{"@type":"ImageObject","inLanguage":"de","@id":"https:\/\/happymonkspublication.org\/de\/veroeffentlichungen\/leere-filme-kino-und-leerheit\/#primaryimage","url":"https:\/\/happymonkspublication.org\/wp-content\/uploads\/2018\/04\/HMP_LeereFilme-KinoUndLeerheit_front.jpg","contentUrl":"https:\/\/happymonkspublication.org\/wp-content\/uploads\/2018\/04\/HMP_LeereFilme-KinoUndLeerheit_front.jpg","width":858,"height":1111,"caption":"HappyMonksPublication - Leere Filme - Kino und Leerheit - front"},{"@type":"BreadcrumbList","@id":"https:\/\/happymonkspublication.org\/de\/veroeffentlichungen\/leere-filme-kino-und-leerheit\/#breadcrumb","itemListElement":[{"@type":"ListItem","position":1,"name":"Home","item":"https:\/\/happymonkspublication.org\/de\/"},{"@type":"ListItem","position":2,"name":"Shop","item":"https:\/\/happymonkspublication.org\/shop\/"},{"@type":"ListItem","position":3,"name":"Leere Filme \u2013 Kino und Leerheit"}]},{"@type":"WebSite","@id":"https:\/\/happymonkspublication.org\/#website","url":"https:\/\/happymonkspublication.org\/","name":"happymonkspublication.org","description":"HappyMonksPublication","publisher":{"@id":"https:\/\/happymonkspublication.org\/#organization"},"potentialAction":[{"@type":"SearchAction","target":{"@type":"EntryPoint","urlTemplate":"https:\/\/happymonkspublication.org\/?s={search_term_string}"},"query-input":{"@type":"PropertyValueSpecification","valueRequired":true,"valueName":"search_term_string"}}],"inLanguage":"de"},{"@type":"Organization","@id":"https:\/\/happymonkspublication.org\/#organization","name":"HappyMonksPublication","url":"https:\/\/happymonkspublication.org\/","logo":{"@type":"ImageObject","inLanguage":"de","@id":"https:\/\/happymonkspublication.org\/#\/schema\/logo\/image\/","url":"https:\/\/happymonkspublication.org\/wp-content\/uploads\/2018\/02\/happymonkspublication-logo_quer_maron_439px.png","contentUrl":"https:\/\/happymonkspublication.org\/wp-content\/uploads\/2018\/02\/happymonkspublication-logo_quer_maron_439px.png","width":709,"height":376,"caption":"HappyMonksPublication"},"image":{"@id":"https:\/\/happymonkspublication.org\/#\/schema\/logo\/image\/"}}]}},"_links":{"self":[{"href":"https:\/\/happymonkspublication.org\/de\/wp-json\/wp\/v2\/product\/7184","targetHints":{"allow":["GET"]}}],"collection":[{"href":"https:\/\/happymonkspublication.org\/de\/wp-json\/wp\/v2\/product"}],"about":[{"href":"https:\/\/happymonkspublication.org\/de\/wp-json\/wp\/v2\/types\/product"}],"wp:featuredmedia":[{"embeddable":true,"href":"https:\/\/happymonkspublication.org\/de\/wp-json\/wp\/v2\/media\/7191"}],"wp:attachment":[{"href":"https:\/\/happymonkspublication.org\/de\/wp-json\/wp\/v2\/media?parent=7184"}],"wp:term":[{"taxonomy":"product_brand","embeddable":true,"href":"https:\/\/happymonkspublication.org\/de\/wp-json\/wp\/v2\/product_brand?post=7184"},{"taxonomy":"product_cat","embeddable":true,"href":"https:\/\/happymonkspublication.org\/de\/wp-json\/wp\/v2\/product_cat?post=7184"},{"taxonomy":"product_tag","embeddable":true,"href":"https:\/\/happymonkspublication.org\/de\/wp-json\/wp\/v2\/product_tag?post=7184"}],"curies":[{"name":"wp","href":"https:\/\/api.w.org\/{rel}","templated":true}]}}