{"id":7308,"date":"2018-04-11T17:18:32","date_gmt":"2018-04-11T15:18:32","guid":{"rendered":"https:\/\/happymonkspublication.org\/?post_type=product&#038;p=7308"},"modified":"2019-02-06T21:41:34","modified_gmt":"2019-02-06T20:41:34","slug":"om-ah-hung-meditation","status":"publish","type":"product","link":"https:\/\/happymonkspublication.org\/de\/veroeffentlichungen\/om-ah-hung-meditation\/","title":{"rendered":"Om Ah Hung &#8211; Meditation"},"content":{"rendered":"<div id=\"fb-root\"><\/div>\n<p>\u00a9 Lama Yeshe Wisdom Archive<br \/>\nDie Verwertung der Texte, auch auszugsweise, ist nicht gestattet ohne schriftliche Genehmigung des Lama Yeshe Wisdom Archive.<br \/>\nDies gilt auch f\u00fcr Vervielf\u00e4ltigungen, \u00dcbersetzungen und Mikroverfilmungen sowie f\u00fcr die Verarbeitung mit elektronischen Systemen.<br \/>\nIm Englischen redigiert von Nick Ribush. \u00dcbersetzt aus dem Englischen von Jo Guntermann, mit Erlaubnis von Lama Yeshe Wisdom Archive, Deutschland, 2011.<br \/>\n\u00dcberarbeitet von Ven Fedor Stracke, M\u00fcnchen, 2011.<\/p>\n","protected":false},"excerpt":{"rendered":"<p><strong>Shantideva:<\/strong><\/p>\n<blockquote><p>Das Elefantenbewusstsein<sup>1<\/sup> abschweifen zu<br \/>\nlassen<br \/>\nErschaft Schaden jenseits von Schmerz.<br \/>\nDer ungez\u00e4hmte verr\u00fcckte Elefant<br \/>\nRichtet hier<sup>2<\/sup> nicht so viel Schaden an.<br \/>\nWenn man, mit dem Seil der Achtsamkeit,<br \/>\nDas Elefantenbewusstsein fest bindet,<br \/>\nDann verschwinden alle Gefahren<br \/>\nUnd man hat alles Postive in der Hand.<\/p><\/blockquote>\n<p><span style=\"font-size: 10pt;\">1 Ein Bewusstsein ungez\u00e4hmt wie ein wilder Elefant.<\/span><br \/>\n<span style=\"font-size: 10pt;\">2 Hier, in diesem Leben.<\/span><\/p>\n","protected":false},"featured_media":5877,"template":"","meta":[],"product_brand":[],"product_cat":[403],"product_tag":[],"class_list":{"0":"post-7308","1":"product","2":"type-product","3":"status-publish","4":"has-post-thumbnail","6":"product_cat-meditationen-gebete-praktiken","7":"pa_book-author-lama-yeshe-de","8":"pa_book-category-meditationen-gebete-praktiken","10":"first","11":"instock","12":"downloadable","13":"virtual","14":"product-type-simple"},"yoast_head":"<!-- This site is optimized with the Yoast SEO plugin v27.1.1 - https:\/\/yoast.com\/product\/yoast-seo-wordpress\/ -->\n<title>Om Ah Hung - Meditation - happymonkspublication.org<\/title>\n<meta name=\"robots\" content=\"index, follow, max-snippet:-1, max-image-preview:large, max-video-preview:-1\" \/>\n<link rel=\"canonical\" href=\"https:\/\/happymonkspublication.org\/de\/veroeffentlichungen\/om-ah-hung-meditation\/\" \/>\n<meta property=\"og:locale\" content=\"de_DE\" \/>\n<meta property=\"og:type\" content=\"article\" \/>\n<meta property=\"og:title\" content=\"Om Ah Hung - Meditation - happymonkspublication.org\" \/>\n<meta property=\"og:description\" content=\"Shantideva: Das Elefantenbewusstsein1 abschweifen zu lassen Erschaft Schaden jenseits von Schmerz. Der ungez\u00e4hmte verr\u00fcckte Elefant Richtet hier2 nicht so viel Schaden an. Wenn man, mit dem Seil der Achtsamkeit, Das Elefantenbewusstsein fest bindet, Dann verschwinden alle Gefahren Und man hat alles Postive in der Hand. 1 Ein Bewusstsein ungez\u00e4hmt wie ein wilder Elefant. 2 Hier, in diesem Leben.\" \/>\n<meta property=\"og:url\" content=\"https:\/\/happymonkspublication.org\/de\/veroeffentlichungen\/om-ah-hung-meditation\/\" \/>\n<meta property=\"og:site_name\" content=\"happymonkspublication.org\" \/>\n<meta property=\"article:modified_time\" content=\"2019-02-06T20:41:34+00:00\" \/>\n<meta property=\"og:image\" content=\"https:\/\/happymonkspublication.org\/wp-content\/uploads\/2018\/03\/HMP_OM-AH-HUNG-Meditation_front.jpg\" \/>\n\t<meta property=\"og:image:width\" content=\"502\" \/>\n\t<meta property=\"og:image:height\" content=\"711\" \/>\n\t<meta property=\"og:image:type\" content=\"image\/jpeg\" \/>\n<meta name=\"twitter:card\" content=\"summary_large_image\" \/>\n<script type=\"application\/ld+json\" class=\"yoast-schema-graph\">{\"@context\":\"https:\/\/schema.org\",\"@graph\":[{\"@type\":\"WebPage\",\"@id\":\"https:\/\/happymonkspublication.org\/de\/veroeffentlichungen\/om-ah-hung-meditation\/\",\"url\":\"https:\/\/happymonkspublication.org\/de\/veroeffentlichungen\/om-ah-hung-meditation\/\",\"name\":\"Om Ah Hung - Meditation - happymonkspublication.org\",\"isPartOf\":{\"@id\":\"https:\/\/happymonkspublication.org\/#website\"},\"primaryImageOfPage\":{\"@id\":\"https:\/\/happymonkspublication.org\/de\/veroeffentlichungen\/om-ah-hung-meditation\/#primaryimage\"},\"image\":{\"@id\":\"https:\/\/happymonkspublication.org\/de\/veroeffentlichungen\/om-ah-hung-meditation\/#primaryimage\"},\"thumbnailUrl\":\"https:\/\/happymonkspublication.org\/wp-content\/uploads\/2018\/03\/HMP_OM-AH-HUNG-Meditation_front.jpg\",\"datePublished\":\"2018-04-11T15:18:32+00:00\",\"dateModified\":\"2019-02-06T20:41:34+00:00\",\"breadcrumb\":{\"@id\":\"https:\/\/happymonkspublication.org\/de\/veroeffentlichungen\/om-ah-hung-meditation\/#breadcrumb\"},\"inLanguage\":\"de\",\"potentialAction\":[{\"@type\":\"ReadAction\",\"target\":[\"https:\/\/happymonkspublication.org\/de\/veroeffentlichungen\/om-ah-hung-meditation\/\"]}]},{\"@type\":\"ImageObject\",\"inLanguage\":\"de\",\"@id\":\"https:\/\/happymonkspublication.org\/de\/veroeffentlichungen\/om-ah-hung-meditation\/#primaryimage\",\"url\":\"https:\/\/happymonkspublication.org\/wp-content\/uploads\/2018\/03\/HMP_OM-AH-HUNG-Meditation_front.jpg\",\"contentUrl\":\"https:\/\/happymonkspublication.org\/wp-content\/uploads\/2018\/03\/HMP_OM-AH-HUNG-Meditation_front.jpg\",\"width\":502,\"height\":711,\"caption\":\"HappyMonksPublication - Om Ah Hung - Meditation - front\"},{\"@type\":\"BreadcrumbList\",\"@id\":\"https:\/\/happymonkspublication.org\/de\/veroeffentlichungen\/om-ah-hung-meditation\/#breadcrumb\",\"itemListElement\":[{\"@type\":\"ListItem\",\"position\":1,\"name\":\"Home\",\"item\":\"https:\/\/happymonkspublication.org\/de\/\"},{\"@type\":\"ListItem\",\"position\":2,\"name\":\"Shop\",\"item\":\"https:\/\/happymonkspublication.org\/shop\/\"},{\"@type\":\"ListItem\",\"position\":3,\"name\":\"Om Ah Hung &#8211; Meditation\"}]},{\"@type\":\"WebSite\",\"@id\":\"https:\/\/happymonkspublication.org\/#website\",\"url\":\"https:\/\/happymonkspublication.org\/\",\"name\":\"happymonkspublication.org\",\"description\":\"HappyMonksPublication\",\"publisher\":{\"@id\":\"https:\/\/happymonkspublication.org\/#organization\"},\"potentialAction\":[{\"@type\":\"SearchAction\",\"target\":{\"@type\":\"EntryPoint\",\"urlTemplate\":\"https:\/\/happymonkspublication.org\/?s={search_term_string}\"},\"query-input\":{\"@type\":\"PropertyValueSpecification\",\"valueRequired\":true,\"valueName\":\"search_term_string\"}}],\"inLanguage\":\"de\"},{\"@type\":\"Organization\",\"@id\":\"https:\/\/happymonkspublication.org\/#organization\",\"name\":\"HappyMonksPublication\",\"url\":\"https:\/\/happymonkspublication.org\/\",\"logo\":{\"@type\":\"ImageObject\",\"inLanguage\":\"de\",\"@id\":\"https:\/\/happymonkspublication.org\/#\/schema\/logo\/image\/\",\"url\":\"https:\/\/happymonkspublication.org\/wp-content\/uploads\/2018\/02\/happymonkspublication-logo_quer_maron_439px.png\",\"contentUrl\":\"https:\/\/happymonkspublication.org\/wp-content\/uploads\/2018\/02\/happymonkspublication-logo_quer_maron_439px.png\",\"width\":709,\"height\":376,\"caption\":\"HappyMonksPublication\"},\"image\":{\"@id\":\"https:\/\/happymonkspublication.org\/#\/schema\/logo\/image\/\"}}]}<\/script>\n<!-- \/ Yoast SEO plugin. -->","yoast_head_json":{"title":"Om Ah Hung - Meditation - happymonkspublication.org","robots":{"index":"index","follow":"follow","max-snippet":"max-snippet:-1","max-image-preview":"max-image-preview:large","max-video-preview":"max-video-preview:-1"},"canonical":"https:\/\/happymonkspublication.org\/de\/veroeffentlichungen\/om-ah-hung-meditation\/","og_locale":"de_DE","og_type":"article","og_title":"Om Ah Hung - Meditation - happymonkspublication.org","og_description":"Shantideva: Das Elefantenbewusstsein1 abschweifen zu lassen Erschaft Schaden jenseits von Schmerz. Der ungez\u00e4hmte verr\u00fcckte Elefant Richtet hier2 nicht so viel Schaden an. Wenn man, mit dem Seil der Achtsamkeit, Das Elefantenbewusstsein fest bindet, Dann verschwinden alle Gefahren Und man hat alles Postive in der Hand. 1 Ein Bewusstsein ungez\u00e4hmt wie ein wilder Elefant. 2 Hier, in diesem Leben.","og_url":"https:\/\/happymonkspublication.org\/de\/veroeffentlichungen\/om-ah-hung-meditation\/","og_site_name":"happymonkspublication.org","article_modified_time":"2019-02-06T20:41:34+00:00","og_image":[{"width":502,"height":711,"url":"https:\/\/happymonkspublication.org\/wp-content\/uploads\/2018\/03\/HMP_OM-AH-HUNG-Meditation_front.jpg","type":"image\/jpeg"}],"twitter_card":"summary_large_image","schema":{"@context":"https:\/\/schema.org","@graph":[{"@type":"WebPage","@id":"https:\/\/happymonkspublication.org\/de\/veroeffentlichungen\/om-ah-hung-meditation\/","url":"https:\/\/happymonkspublication.org\/de\/veroeffentlichungen\/om-ah-hung-meditation\/","name":"Om Ah Hung - Meditation - happymonkspublication.org","isPartOf":{"@id":"https:\/\/happymonkspublication.org\/#website"},"primaryImageOfPage":{"@id":"https:\/\/happymonkspublication.org\/de\/veroeffentlichungen\/om-ah-hung-meditation\/#primaryimage"},"image":{"@id":"https:\/\/happymonkspublication.org\/de\/veroeffentlichungen\/om-ah-hung-meditation\/#primaryimage"},"thumbnailUrl":"https:\/\/happymonkspublication.org\/wp-content\/uploads\/2018\/03\/HMP_OM-AH-HUNG-Meditation_front.jpg","datePublished":"2018-04-11T15:18:32+00:00","dateModified":"2019-02-06T20:41:34+00:00","breadcrumb":{"@id":"https:\/\/happymonkspublication.org\/de\/veroeffentlichungen\/om-ah-hung-meditation\/#breadcrumb"},"inLanguage":"de","potentialAction":[{"@type":"ReadAction","target":["https:\/\/happymonkspublication.org\/de\/veroeffentlichungen\/om-ah-hung-meditation\/"]}]},{"@type":"ImageObject","inLanguage":"de","@id":"https:\/\/happymonkspublication.org\/de\/veroeffentlichungen\/om-ah-hung-meditation\/#primaryimage","url":"https:\/\/happymonkspublication.org\/wp-content\/uploads\/2018\/03\/HMP_OM-AH-HUNG-Meditation_front.jpg","contentUrl":"https:\/\/happymonkspublication.org\/wp-content\/uploads\/2018\/03\/HMP_OM-AH-HUNG-Meditation_front.jpg","width":502,"height":711,"caption":"HappyMonksPublication - Om Ah Hung - Meditation - front"},{"@type":"BreadcrumbList","@id":"https:\/\/happymonkspublication.org\/de\/veroeffentlichungen\/om-ah-hung-meditation\/#breadcrumb","itemListElement":[{"@type":"ListItem","position":1,"name":"Home","item":"https:\/\/happymonkspublication.org\/de\/"},{"@type":"ListItem","position":2,"name":"Shop","item":"https:\/\/happymonkspublication.org\/shop\/"},{"@type":"ListItem","position":3,"name":"Om Ah Hung &#8211; Meditation"}]},{"@type":"WebSite","@id":"https:\/\/happymonkspublication.org\/#website","url":"https:\/\/happymonkspublication.org\/","name":"happymonkspublication.org","description":"HappyMonksPublication","publisher":{"@id":"https:\/\/happymonkspublication.org\/#organization"},"potentialAction":[{"@type":"SearchAction","target":{"@type":"EntryPoint","urlTemplate":"https:\/\/happymonkspublication.org\/?s={search_term_string}"},"query-input":{"@type":"PropertyValueSpecification","valueRequired":true,"valueName":"search_term_string"}}],"inLanguage":"de"},{"@type":"Organization","@id":"https:\/\/happymonkspublication.org\/#organization","name":"HappyMonksPublication","url":"https:\/\/happymonkspublication.org\/","logo":{"@type":"ImageObject","inLanguage":"de","@id":"https:\/\/happymonkspublication.org\/#\/schema\/logo\/image\/","url":"https:\/\/happymonkspublication.org\/wp-content\/uploads\/2018\/02\/happymonkspublication-logo_quer_maron_439px.png","contentUrl":"https:\/\/happymonkspublication.org\/wp-content\/uploads\/2018\/02\/happymonkspublication-logo_quer_maron_439px.png","width":709,"height":376,"caption":"HappyMonksPublication"},"image":{"@id":"https:\/\/happymonkspublication.org\/#\/schema\/logo\/image\/"}}]}},"_links":{"self":[{"href":"https:\/\/happymonkspublication.org\/de\/wp-json\/wp\/v2\/product\/7308","targetHints":{"allow":["GET"]}}],"collection":[{"href":"https:\/\/happymonkspublication.org\/de\/wp-json\/wp\/v2\/product"}],"about":[{"href":"https:\/\/happymonkspublication.org\/de\/wp-json\/wp\/v2\/types\/product"}],"wp:featuredmedia":[{"embeddable":true,"href":"https:\/\/happymonkspublication.org\/de\/wp-json\/wp\/v2\/media\/5877"}],"wp:attachment":[{"href":"https:\/\/happymonkspublication.org\/de\/wp-json\/wp\/v2\/media?parent=7308"}],"wp:term":[{"taxonomy":"product_brand","embeddable":true,"href":"https:\/\/happymonkspublication.org\/de\/wp-json\/wp\/v2\/product_brand?post=7308"},{"taxonomy":"product_cat","embeddable":true,"href":"https:\/\/happymonkspublication.org\/de\/wp-json\/wp\/v2\/product_cat?post=7308"},{"taxonomy":"product_tag","embeddable":true,"href":"https:\/\/happymonkspublication.org\/de\/wp-json\/wp\/v2\/product_tag?post=7308"}],"curies":[{"name":"wp","href":"https:\/\/api.w.org\/{rel}","templated":true}]}}