{"id":7398,"date":"2018-04-12T17:16:57","date_gmt":"2018-04-12T15:16:57","guid":{"rendered":"https:\/\/happymonkspublication.org\/?post_type=product&#038;p=7398"},"modified":"2019-03-31T20:43:27","modified_gmt":"2019-03-31T18:43:27","slug":"ein-hauch-von-aggregaten","status":"publish","type":"product","link":"https:\/\/happymonkspublication.org\/de\/veroeffentlichungen\/ein-hauch-von-aggregaten\/","title":{"rendered":"Ein Hauch von Aggregaten"},"content":{"rendered":"<div id=\"fb-root\"><\/div>\n<p>Dies wurde von dem M\u00f6nch Tenzin Dongak (Fedor Stracke) aus dem Abhidharma Kommentaren Klares Ornament von Chim Jampeyang, Erkl\u00e4rung des Weges zur Befreiung von dem ersten Dalai Lama Gyalwa Ged\u00fcn Drub, und den Angesammelten Themen von Yongdzin Purbuchok Jampa Ts\u00fcltrim Gyatso zusammengefasst und ins Englische \u00fcbersetzt. Es wurde dann von Matthias Neuh\u00e4user ins Deutsche \u00fcbersetzt und noch mal von dem M\u00f6nch Tenzin Dongak (Fedor Stracke) \u00fcberarbeitet.<br \/>\n\u00a9 Fedor Stracke M\u00fcnchen 2006<\/p>\n","protected":false},"excerpt":{"rendered":"<p>Eine Erkl\u00e4rung der Aggregate von K\u00f6rper und Bewusstein.<\/p>\n","protected":false},"featured_media":7404,"template":"","meta":[],"product_brand":[],"product_cat":[429],"product_tag":[],"class_list":{"0":"post-7398","1":"product","2":"type-product","3":"status-publish","4":"has-post-thumbnail","6":"product_cat-gesammelte-themen","7":"pa_book-author-purchok-ngawang-jampa-de","8":"pa_book-author-seine-heiligkeit-der-erste-dalai-lama-gyalwa-gedun-drub","9":"pa_book-category-gesammelte-themen","11":"first","12":"instock","13":"downloadable","14":"virtual","15":"product-type-simple"},"yoast_head":"<!-- This site is optimized with the Yoast SEO plugin v27.1.1 - https:\/\/yoast.com\/product\/yoast-seo-wordpress\/ -->\n<title>Ein Hauch von Aggregaten - happymonkspublication.org<\/title>\n<meta name=\"robots\" content=\"index, follow, max-snippet:-1, max-image-preview:large, max-video-preview:-1\" \/>\n<link rel=\"canonical\" href=\"https:\/\/happymonkspublication.org\/de\/veroeffentlichungen\/ein-hauch-von-aggregaten\/\" \/>\n<meta property=\"og:locale\" content=\"de_DE\" \/>\n<meta property=\"og:type\" content=\"article\" \/>\n<meta property=\"og:title\" content=\"Ein Hauch von Aggregaten - happymonkspublication.org\" \/>\n<meta property=\"og:description\" content=\"Eine Erkl\u00e4rung der Aggregate von K\u00f6rper und Bewusstein.\" \/>\n<meta property=\"og:url\" content=\"https:\/\/happymonkspublication.org\/de\/veroeffentlichungen\/ein-hauch-von-aggregaten\/\" \/>\n<meta property=\"og:site_name\" content=\"happymonkspublication.org\" \/>\n<meta property=\"article:modified_time\" content=\"2019-03-31T18:43:27+00:00\" \/>\n<meta property=\"og:image\" content=\"https:\/\/happymonkspublication.org\/wp-content\/uploads\/2018\/04\/HMP_EinHauchVonAggregate-front.jpg\" \/>\n\t<meta property=\"og:image:width\" content=\"514\" \/>\n\t<meta property=\"og:image:height\" content=\"732\" \/>\n\t<meta property=\"og:image:type\" content=\"image\/jpeg\" \/>\n<meta name=\"twitter:card\" content=\"summary_large_image\" \/>\n<script type=\"application\/ld+json\" class=\"yoast-schema-graph\">{\"@context\":\"https:\/\/schema.org\",\"@graph\":[{\"@type\":\"WebPage\",\"@id\":\"https:\/\/happymonkspublication.org\/de\/veroeffentlichungen\/ein-hauch-von-aggregaten\/\",\"url\":\"https:\/\/happymonkspublication.org\/de\/veroeffentlichungen\/ein-hauch-von-aggregaten\/\",\"name\":\"Ein Hauch von Aggregaten - happymonkspublication.org\",\"isPartOf\":{\"@id\":\"https:\/\/happymonkspublication.org\/#website\"},\"primaryImageOfPage\":{\"@id\":\"https:\/\/happymonkspublication.org\/de\/veroeffentlichungen\/ein-hauch-von-aggregaten\/#primaryimage\"},\"image\":{\"@id\":\"https:\/\/happymonkspublication.org\/de\/veroeffentlichungen\/ein-hauch-von-aggregaten\/#primaryimage\"},\"thumbnailUrl\":\"https:\/\/happymonkspublication.org\/wp-content\/uploads\/2018\/04\/HMP_EinHauchVonAggregate-front.jpg\",\"datePublished\":\"2018-04-12T15:16:57+00:00\",\"dateModified\":\"2019-03-31T18:43:27+00:00\",\"breadcrumb\":{\"@id\":\"https:\/\/happymonkspublication.org\/de\/veroeffentlichungen\/ein-hauch-von-aggregaten\/#breadcrumb\"},\"inLanguage\":\"de\",\"potentialAction\":[{\"@type\":\"ReadAction\",\"target\":[\"https:\/\/happymonkspublication.org\/de\/veroeffentlichungen\/ein-hauch-von-aggregaten\/\"]}]},{\"@type\":\"ImageObject\",\"inLanguage\":\"de\",\"@id\":\"https:\/\/happymonkspublication.org\/de\/veroeffentlichungen\/ein-hauch-von-aggregaten\/#primaryimage\",\"url\":\"https:\/\/happymonkspublication.org\/wp-content\/uploads\/2018\/04\/HMP_EinHauchVonAggregate-front.jpg\",\"contentUrl\":\"https:\/\/happymonkspublication.org\/wp-content\/uploads\/2018\/04\/HMP_EinHauchVonAggregate-front.jpg\",\"width\":514,\"height\":732,\"caption\":\"HappyMonksPublication - Ein Hauch von Aggregate - front\"},{\"@type\":\"BreadcrumbList\",\"@id\":\"https:\/\/happymonkspublication.org\/de\/veroeffentlichungen\/ein-hauch-von-aggregaten\/#breadcrumb\",\"itemListElement\":[{\"@type\":\"ListItem\",\"position\":1,\"name\":\"Home\",\"item\":\"https:\/\/happymonkspublication.org\/de\/\"},{\"@type\":\"ListItem\",\"position\":2,\"name\":\"Shop\",\"item\":\"https:\/\/happymonkspublication.org\/shop\/\"},{\"@type\":\"ListItem\",\"position\":3,\"name\":\"Ein Hauch von Aggregaten\"}]},{\"@type\":\"WebSite\",\"@id\":\"https:\/\/happymonkspublication.org\/#website\",\"url\":\"https:\/\/happymonkspublication.org\/\",\"name\":\"happymonkspublication.org\",\"description\":\"HappyMonksPublication\",\"publisher\":{\"@id\":\"https:\/\/happymonkspublication.org\/#organization\"},\"potentialAction\":[{\"@type\":\"SearchAction\",\"target\":{\"@type\":\"EntryPoint\",\"urlTemplate\":\"https:\/\/happymonkspublication.org\/?s={search_term_string}\"},\"query-input\":{\"@type\":\"PropertyValueSpecification\",\"valueRequired\":true,\"valueName\":\"search_term_string\"}}],\"inLanguage\":\"de\"},{\"@type\":\"Organization\",\"@id\":\"https:\/\/happymonkspublication.org\/#organization\",\"name\":\"HappyMonksPublication\",\"url\":\"https:\/\/happymonkspublication.org\/\",\"logo\":{\"@type\":\"ImageObject\",\"inLanguage\":\"de\",\"@id\":\"https:\/\/happymonkspublication.org\/#\/schema\/logo\/image\/\",\"url\":\"https:\/\/happymonkspublication.org\/wp-content\/uploads\/2018\/02\/happymonkspublication-logo_quer_maron_439px.png\",\"contentUrl\":\"https:\/\/happymonkspublication.org\/wp-content\/uploads\/2018\/02\/happymonkspublication-logo_quer_maron_439px.png\",\"width\":709,\"height\":376,\"caption\":\"HappyMonksPublication\"},\"image\":{\"@id\":\"https:\/\/happymonkspublication.org\/#\/schema\/logo\/image\/\"}}]}<\/script>\n<!-- \/ Yoast SEO plugin. -->","yoast_head_json":{"title":"Ein Hauch von Aggregaten - happymonkspublication.org","robots":{"index":"index","follow":"follow","max-snippet":"max-snippet:-1","max-image-preview":"max-image-preview:large","max-video-preview":"max-video-preview:-1"},"canonical":"https:\/\/happymonkspublication.org\/de\/veroeffentlichungen\/ein-hauch-von-aggregaten\/","og_locale":"de_DE","og_type":"article","og_title":"Ein Hauch von Aggregaten - happymonkspublication.org","og_description":"Eine Erkl\u00e4rung der Aggregate von K\u00f6rper und Bewusstein.","og_url":"https:\/\/happymonkspublication.org\/de\/veroeffentlichungen\/ein-hauch-von-aggregaten\/","og_site_name":"happymonkspublication.org","article_modified_time":"2019-03-31T18:43:27+00:00","og_image":[{"width":514,"height":732,"url":"https:\/\/happymonkspublication.org\/wp-content\/uploads\/2018\/04\/HMP_EinHauchVonAggregate-front.jpg","type":"image\/jpeg"}],"twitter_card":"summary_large_image","schema":{"@context":"https:\/\/schema.org","@graph":[{"@type":"WebPage","@id":"https:\/\/happymonkspublication.org\/de\/veroeffentlichungen\/ein-hauch-von-aggregaten\/","url":"https:\/\/happymonkspublication.org\/de\/veroeffentlichungen\/ein-hauch-von-aggregaten\/","name":"Ein Hauch von Aggregaten - happymonkspublication.org","isPartOf":{"@id":"https:\/\/happymonkspublication.org\/#website"},"primaryImageOfPage":{"@id":"https:\/\/happymonkspublication.org\/de\/veroeffentlichungen\/ein-hauch-von-aggregaten\/#primaryimage"},"image":{"@id":"https:\/\/happymonkspublication.org\/de\/veroeffentlichungen\/ein-hauch-von-aggregaten\/#primaryimage"},"thumbnailUrl":"https:\/\/happymonkspublication.org\/wp-content\/uploads\/2018\/04\/HMP_EinHauchVonAggregate-front.jpg","datePublished":"2018-04-12T15:16:57+00:00","dateModified":"2019-03-31T18:43:27+00:00","breadcrumb":{"@id":"https:\/\/happymonkspublication.org\/de\/veroeffentlichungen\/ein-hauch-von-aggregaten\/#breadcrumb"},"inLanguage":"de","potentialAction":[{"@type":"ReadAction","target":["https:\/\/happymonkspublication.org\/de\/veroeffentlichungen\/ein-hauch-von-aggregaten\/"]}]},{"@type":"ImageObject","inLanguage":"de","@id":"https:\/\/happymonkspublication.org\/de\/veroeffentlichungen\/ein-hauch-von-aggregaten\/#primaryimage","url":"https:\/\/happymonkspublication.org\/wp-content\/uploads\/2018\/04\/HMP_EinHauchVonAggregate-front.jpg","contentUrl":"https:\/\/happymonkspublication.org\/wp-content\/uploads\/2018\/04\/HMP_EinHauchVonAggregate-front.jpg","width":514,"height":732,"caption":"HappyMonksPublication - Ein Hauch von Aggregate - front"},{"@type":"BreadcrumbList","@id":"https:\/\/happymonkspublication.org\/de\/veroeffentlichungen\/ein-hauch-von-aggregaten\/#breadcrumb","itemListElement":[{"@type":"ListItem","position":1,"name":"Home","item":"https:\/\/happymonkspublication.org\/de\/"},{"@type":"ListItem","position":2,"name":"Shop","item":"https:\/\/happymonkspublication.org\/shop\/"},{"@type":"ListItem","position":3,"name":"Ein Hauch von Aggregaten"}]},{"@type":"WebSite","@id":"https:\/\/happymonkspublication.org\/#website","url":"https:\/\/happymonkspublication.org\/","name":"happymonkspublication.org","description":"HappyMonksPublication","publisher":{"@id":"https:\/\/happymonkspublication.org\/#organization"},"potentialAction":[{"@type":"SearchAction","target":{"@type":"EntryPoint","urlTemplate":"https:\/\/happymonkspublication.org\/?s={search_term_string}"},"query-input":{"@type":"PropertyValueSpecification","valueRequired":true,"valueName":"search_term_string"}}],"inLanguage":"de"},{"@type":"Organization","@id":"https:\/\/happymonkspublication.org\/#organization","name":"HappyMonksPublication","url":"https:\/\/happymonkspublication.org\/","logo":{"@type":"ImageObject","inLanguage":"de","@id":"https:\/\/happymonkspublication.org\/#\/schema\/logo\/image\/","url":"https:\/\/happymonkspublication.org\/wp-content\/uploads\/2018\/02\/happymonkspublication-logo_quer_maron_439px.png","contentUrl":"https:\/\/happymonkspublication.org\/wp-content\/uploads\/2018\/02\/happymonkspublication-logo_quer_maron_439px.png","width":709,"height":376,"caption":"HappyMonksPublication"},"image":{"@id":"https:\/\/happymonkspublication.org\/#\/schema\/logo\/image\/"}}]}},"_links":{"self":[{"href":"https:\/\/happymonkspublication.org\/de\/wp-json\/wp\/v2\/product\/7398","targetHints":{"allow":["GET"]}}],"collection":[{"href":"https:\/\/happymonkspublication.org\/de\/wp-json\/wp\/v2\/product"}],"about":[{"href":"https:\/\/happymonkspublication.org\/de\/wp-json\/wp\/v2\/types\/product"}],"wp:featuredmedia":[{"embeddable":true,"href":"https:\/\/happymonkspublication.org\/de\/wp-json\/wp\/v2\/media\/7404"}],"wp:attachment":[{"href":"https:\/\/happymonkspublication.org\/de\/wp-json\/wp\/v2\/media?parent=7398"}],"wp:term":[{"taxonomy":"product_brand","embeddable":true,"href":"https:\/\/happymonkspublication.org\/de\/wp-json\/wp\/v2\/product_brand?post=7398"},{"taxonomy":"product_cat","embeddable":true,"href":"https:\/\/happymonkspublication.org\/de\/wp-json\/wp\/v2\/product_cat?post=7398"},{"taxonomy":"product_tag","embeddable":true,"href":"https:\/\/happymonkspublication.org\/de\/wp-json\/wp\/v2\/product_tag?post=7398"}],"curies":[{"name":"wp","href":"https:\/\/api.w.org\/{rel}","templated":true}]}}