{"id":9579,"date":"2019-02-09T14:35:09","date_gmt":"2019-02-09T13:35:09","guid":{"rendered":"https:\/\/happymonkspublication.org\/?post_type=product&#038;p=9579"},"modified":"2019-02-09T14:41:17","modified_gmt":"2019-02-09T13:41:17","slug":"sutra-vom-goldenen-licht","status":"publish","type":"product","link":"https:\/\/happymonkspublication.org\/de\/veroeffentlichungen\/sutra-vom-goldenen-licht\/","title":{"rendered":"Sutra vom Goldenen Licht"},"content":{"rendered":"<div id=\"fb-root\"><\/div>\n","protected":false},"excerpt":{"rendered":"<p>Das Sutra vom Goldenen Licht bringt grenzenlosen Segen f\u00fcr die Welt und den Weltfrieden und f\u00fcr jeden, der auch nur einen Teil dieses Textes liest \u2013 den ganzen Himmelsraum voll Segen! Er bringt unermesslichen Schutz f\u00fcr ein Land, da er gro\u00dfe Kraft hat, Gewalt und dergleichen zu verhindern. Wenn man diesen Text h\u00f6rt, wird das eigene Karma bereinigt. Der Text mehrt Erfolg. Besonders politischen F\u00fchrungspers\u00f6nlichkeiten, K\u00f6nigen oder Pr\u00e4sidenten, verleiht er Erfolg darin, Menschen in ethischem Verhalten, das hei\u00dft auf dem Weg zum Gl\u00fcck, anzuleiten. Jeder, der dieses Sutra h\u00f6rt, liest oder dessen Bedeutung erkl\u00e4rt, schafft viel Verdienst und genie\u00dft die au\u00dferordentliche Bewunderung der Buddhas.<\/p>\n<p><span style=\"font-size: 10pt;\">Quelle: Aryatara Institut Website<\/span><\/p>\n","protected":false},"featured_media":9595,"template":"","meta":[],"product_brand":[],"product_cat":[404],"product_tag":[],"class_list":{"0":"post-9579","1":"product","2":"type-product","3":"status-publish","4":"has-post-thumbnail","6":"product_cat-sutras-de","7":"pa_book-author-buddha-shakyamuni-de","8":"pa_book-category-sutras-de","10":"first","11":"instock","12":"downloadable","13":"virtual","14":"product-type-simple"},"yoast_head":"<!-- This site is optimized with the Yoast SEO plugin v27.1.1 - https:\/\/yoast.com\/product\/yoast-seo-wordpress\/ -->\n<title>Sutra vom Goldenen Licht - happymonkspublication.org<\/title>\n<meta name=\"robots\" content=\"index, follow, max-snippet:-1, max-image-preview:large, max-video-preview:-1\" \/>\n<link rel=\"canonical\" href=\"https:\/\/happymonkspublication.org\/de\/veroeffentlichungen\/sutra-vom-goldenen-licht\/\" \/>\n<meta property=\"og:locale\" content=\"de_DE\" \/>\n<meta property=\"og:type\" content=\"article\" \/>\n<meta property=\"og:title\" content=\"Sutra vom Goldenen Licht - happymonkspublication.org\" \/>\n<meta property=\"og:description\" content=\"Das Sutra vom Goldenen Licht bringt grenzenlosen Segen f\u00fcr die Welt und den Weltfrieden und f\u00fcr jeden, der auch nur einen Teil dieses Textes liest \u2013 den ganzen Himmelsraum voll Segen! Er bringt unermesslichen Schutz f\u00fcr ein Land, da er gro\u00dfe Kraft hat, Gewalt und dergleichen zu verhindern. Wenn man diesen Text h\u00f6rt, wird das eigene Karma bereinigt. Der Text mehrt Erfolg. Besonders politischen F\u00fchrungspers\u00f6nlichkeiten, K\u00f6nigen oder Pr\u00e4sidenten, verleiht er Erfolg darin, Menschen in ethischem Verhalten, das hei\u00dft auf dem Weg zum Gl\u00fcck, anzuleiten. Jeder, der dieses Sutra h\u00f6rt, liest oder dessen Bedeutung erkl\u00e4rt, schafft viel Verdienst und genie\u00dft die au\u00dferordentliche Bewunderung der Buddhas.  Quelle: Aryatara Institut Website\" \/>\n<meta property=\"og:url\" content=\"https:\/\/happymonkspublication.org\/de\/veroeffentlichungen\/sutra-vom-goldenen-licht\/\" \/>\n<meta property=\"og:site_name\" content=\"happymonkspublication.org\" \/>\n<meta property=\"article:modified_time\" content=\"2019-02-09T13:41:17+00:00\" \/>\n<meta property=\"og:image\" content=\"https:\/\/happymonkspublication.org\/wp-content\/uploads\/2019\/02\/HMP_diamant-verlag-aryatara-fpmt_Sutra-vom-Goldenen-Licht-front.jpg\" \/>\n\t<meta property=\"og:image:width\" content=\"738\" \/>\n\t<meta property=\"og:image:height\" content=\"1190\" \/>\n\t<meta property=\"og:image:type\" content=\"image\/jpeg\" \/>\n<meta name=\"twitter:card\" content=\"summary_large_image\" \/>\n<script type=\"application\/ld+json\" class=\"yoast-schema-graph\">{\"@context\":\"https:\/\/schema.org\",\"@graph\":[{\"@type\":\"WebPage\",\"@id\":\"https:\/\/happymonkspublication.org\/de\/veroeffentlichungen\/sutra-vom-goldenen-licht\/\",\"url\":\"https:\/\/happymonkspublication.org\/de\/veroeffentlichungen\/sutra-vom-goldenen-licht\/\",\"name\":\"Sutra vom Goldenen Licht - happymonkspublication.org\",\"isPartOf\":{\"@id\":\"https:\/\/happymonkspublication.org\/#website\"},\"primaryImageOfPage\":{\"@id\":\"https:\/\/happymonkspublication.org\/de\/veroeffentlichungen\/sutra-vom-goldenen-licht\/#primaryimage\"},\"image\":{\"@id\":\"https:\/\/happymonkspublication.org\/de\/veroeffentlichungen\/sutra-vom-goldenen-licht\/#primaryimage\"},\"thumbnailUrl\":\"https:\/\/happymonkspublication.org\/wp-content\/uploads\/2019\/02\/HMP_diamant-verlag-aryatara-fpmt_Sutra-vom-Goldenen-Licht-front.jpg\",\"datePublished\":\"2019-02-09T13:35:09+00:00\",\"dateModified\":\"2019-02-09T13:41:17+00:00\",\"breadcrumb\":{\"@id\":\"https:\/\/happymonkspublication.org\/de\/veroeffentlichungen\/sutra-vom-goldenen-licht\/#breadcrumb\"},\"inLanguage\":\"de\",\"potentialAction\":[{\"@type\":\"ReadAction\",\"target\":[\"https:\/\/happymonkspublication.org\/de\/veroeffentlichungen\/sutra-vom-goldenen-licht\/\"]}]},{\"@type\":\"ImageObject\",\"inLanguage\":\"de\",\"@id\":\"https:\/\/happymonkspublication.org\/de\/veroeffentlichungen\/sutra-vom-goldenen-licht\/#primaryimage\",\"url\":\"https:\/\/happymonkspublication.org\/wp-content\/uploads\/2019\/02\/HMP_diamant-verlag-aryatara-fpmt_Sutra-vom-Goldenen-Licht-front.jpg\",\"contentUrl\":\"https:\/\/happymonkspublication.org\/wp-content\/uploads\/2019\/02\/HMP_diamant-verlag-aryatara-fpmt_Sutra-vom-Goldenen-Licht-front.jpg\",\"width\":738,\"height\":1190,\"caption\":\"HappyMonksPublication - Diamant Verlag - Sutra vom Goldenen Licht - Front\"},{\"@type\":\"BreadcrumbList\",\"@id\":\"https:\/\/happymonkspublication.org\/de\/veroeffentlichungen\/sutra-vom-goldenen-licht\/#breadcrumb\",\"itemListElement\":[{\"@type\":\"ListItem\",\"position\":1,\"name\":\"Home\",\"item\":\"https:\/\/happymonkspublication.org\/de\/\"},{\"@type\":\"ListItem\",\"position\":2,\"name\":\"Shop\",\"item\":\"https:\/\/happymonkspublication.org\/shop\/\"},{\"@type\":\"ListItem\",\"position\":3,\"name\":\"Sutra vom Goldenen Licht\"}]},{\"@type\":\"WebSite\",\"@id\":\"https:\/\/happymonkspublication.org\/#website\",\"url\":\"https:\/\/happymonkspublication.org\/\",\"name\":\"happymonkspublication.org\",\"description\":\"HappyMonksPublication\",\"publisher\":{\"@id\":\"https:\/\/happymonkspublication.org\/#organization\"},\"potentialAction\":[{\"@type\":\"SearchAction\",\"target\":{\"@type\":\"EntryPoint\",\"urlTemplate\":\"https:\/\/happymonkspublication.org\/?s={search_term_string}\"},\"query-input\":{\"@type\":\"PropertyValueSpecification\",\"valueRequired\":true,\"valueName\":\"search_term_string\"}}],\"inLanguage\":\"de\"},{\"@type\":\"Organization\",\"@id\":\"https:\/\/happymonkspublication.org\/#organization\",\"name\":\"HappyMonksPublication\",\"url\":\"https:\/\/happymonkspublication.org\/\",\"logo\":{\"@type\":\"ImageObject\",\"inLanguage\":\"de\",\"@id\":\"https:\/\/happymonkspublication.org\/#\/schema\/logo\/image\/\",\"url\":\"https:\/\/happymonkspublication.org\/wp-content\/uploads\/2018\/02\/happymonkspublication-logo_quer_maron_439px.png\",\"contentUrl\":\"https:\/\/happymonkspublication.org\/wp-content\/uploads\/2018\/02\/happymonkspublication-logo_quer_maron_439px.png\",\"width\":709,\"height\":376,\"caption\":\"HappyMonksPublication\"},\"image\":{\"@id\":\"https:\/\/happymonkspublication.org\/#\/schema\/logo\/image\/\"}}]}<\/script>\n<!-- \/ Yoast SEO plugin. -->","yoast_head_json":{"title":"Sutra vom Goldenen Licht - happymonkspublication.org","robots":{"index":"index","follow":"follow","max-snippet":"max-snippet:-1","max-image-preview":"max-image-preview:large","max-video-preview":"max-video-preview:-1"},"canonical":"https:\/\/happymonkspublication.org\/de\/veroeffentlichungen\/sutra-vom-goldenen-licht\/","og_locale":"de_DE","og_type":"article","og_title":"Sutra vom Goldenen Licht - happymonkspublication.org","og_description":"Das Sutra vom Goldenen Licht bringt grenzenlosen Segen f\u00fcr die Welt und den Weltfrieden und f\u00fcr jeden, der auch nur einen Teil dieses Textes liest \u2013 den ganzen Himmelsraum voll Segen! Er bringt unermesslichen Schutz f\u00fcr ein Land, da er gro\u00dfe Kraft hat, Gewalt und dergleichen zu verhindern. Wenn man diesen Text h\u00f6rt, wird das eigene Karma bereinigt. Der Text mehrt Erfolg. Besonders politischen F\u00fchrungspers\u00f6nlichkeiten, K\u00f6nigen oder Pr\u00e4sidenten, verleiht er Erfolg darin, Menschen in ethischem Verhalten, das hei\u00dft auf dem Weg zum Gl\u00fcck, anzuleiten. Jeder, der dieses Sutra h\u00f6rt, liest oder dessen Bedeutung erkl\u00e4rt, schafft viel Verdienst und genie\u00dft die au\u00dferordentliche Bewunderung der Buddhas.  Quelle: Aryatara Institut Website","og_url":"https:\/\/happymonkspublication.org\/de\/veroeffentlichungen\/sutra-vom-goldenen-licht\/","og_site_name":"happymonkspublication.org","article_modified_time":"2019-02-09T13:41:17+00:00","og_image":[{"width":738,"height":1190,"url":"https:\/\/happymonkspublication.org\/wp-content\/uploads\/2019\/02\/HMP_diamant-verlag-aryatara-fpmt_Sutra-vom-Goldenen-Licht-front.jpg","type":"image\/jpeg"}],"twitter_card":"summary_large_image","schema":{"@context":"https:\/\/schema.org","@graph":[{"@type":"WebPage","@id":"https:\/\/happymonkspublication.org\/de\/veroeffentlichungen\/sutra-vom-goldenen-licht\/","url":"https:\/\/happymonkspublication.org\/de\/veroeffentlichungen\/sutra-vom-goldenen-licht\/","name":"Sutra vom Goldenen Licht - happymonkspublication.org","isPartOf":{"@id":"https:\/\/happymonkspublication.org\/#website"},"primaryImageOfPage":{"@id":"https:\/\/happymonkspublication.org\/de\/veroeffentlichungen\/sutra-vom-goldenen-licht\/#primaryimage"},"image":{"@id":"https:\/\/happymonkspublication.org\/de\/veroeffentlichungen\/sutra-vom-goldenen-licht\/#primaryimage"},"thumbnailUrl":"https:\/\/happymonkspublication.org\/wp-content\/uploads\/2019\/02\/HMP_diamant-verlag-aryatara-fpmt_Sutra-vom-Goldenen-Licht-front.jpg","datePublished":"2019-02-09T13:35:09+00:00","dateModified":"2019-02-09T13:41:17+00:00","breadcrumb":{"@id":"https:\/\/happymonkspublication.org\/de\/veroeffentlichungen\/sutra-vom-goldenen-licht\/#breadcrumb"},"inLanguage":"de","potentialAction":[{"@type":"ReadAction","target":["https:\/\/happymonkspublication.org\/de\/veroeffentlichungen\/sutra-vom-goldenen-licht\/"]}]},{"@type":"ImageObject","inLanguage":"de","@id":"https:\/\/happymonkspublication.org\/de\/veroeffentlichungen\/sutra-vom-goldenen-licht\/#primaryimage","url":"https:\/\/happymonkspublication.org\/wp-content\/uploads\/2019\/02\/HMP_diamant-verlag-aryatara-fpmt_Sutra-vom-Goldenen-Licht-front.jpg","contentUrl":"https:\/\/happymonkspublication.org\/wp-content\/uploads\/2019\/02\/HMP_diamant-verlag-aryatara-fpmt_Sutra-vom-Goldenen-Licht-front.jpg","width":738,"height":1190,"caption":"HappyMonksPublication - Diamant Verlag - Sutra vom Goldenen Licht - Front"},{"@type":"BreadcrumbList","@id":"https:\/\/happymonkspublication.org\/de\/veroeffentlichungen\/sutra-vom-goldenen-licht\/#breadcrumb","itemListElement":[{"@type":"ListItem","position":1,"name":"Home","item":"https:\/\/happymonkspublication.org\/de\/"},{"@type":"ListItem","position":2,"name":"Shop","item":"https:\/\/happymonkspublication.org\/shop\/"},{"@type":"ListItem","position":3,"name":"Sutra vom Goldenen Licht"}]},{"@type":"WebSite","@id":"https:\/\/happymonkspublication.org\/#website","url":"https:\/\/happymonkspublication.org\/","name":"happymonkspublication.org","description":"HappyMonksPublication","publisher":{"@id":"https:\/\/happymonkspublication.org\/#organization"},"potentialAction":[{"@type":"SearchAction","target":{"@type":"EntryPoint","urlTemplate":"https:\/\/happymonkspublication.org\/?s={search_term_string}"},"query-input":{"@type":"PropertyValueSpecification","valueRequired":true,"valueName":"search_term_string"}}],"inLanguage":"de"},{"@type":"Organization","@id":"https:\/\/happymonkspublication.org\/#organization","name":"HappyMonksPublication","url":"https:\/\/happymonkspublication.org\/","logo":{"@type":"ImageObject","inLanguage":"de","@id":"https:\/\/happymonkspublication.org\/#\/schema\/logo\/image\/","url":"https:\/\/happymonkspublication.org\/wp-content\/uploads\/2018\/02\/happymonkspublication-logo_quer_maron_439px.png","contentUrl":"https:\/\/happymonkspublication.org\/wp-content\/uploads\/2018\/02\/happymonkspublication-logo_quer_maron_439px.png","width":709,"height":376,"caption":"HappyMonksPublication"},"image":{"@id":"https:\/\/happymonkspublication.org\/#\/schema\/logo\/image\/"}}]}},"_links":{"self":[{"href":"https:\/\/happymonkspublication.org\/de\/wp-json\/wp\/v2\/product\/9579","targetHints":{"allow":["GET"]}}],"collection":[{"href":"https:\/\/happymonkspublication.org\/de\/wp-json\/wp\/v2\/product"}],"about":[{"href":"https:\/\/happymonkspublication.org\/de\/wp-json\/wp\/v2\/types\/product"}],"wp:featuredmedia":[{"embeddable":true,"href":"https:\/\/happymonkspublication.org\/de\/wp-json\/wp\/v2\/media\/9595"}],"wp:attachment":[{"href":"https:\/\/happymonkspublication.org\/de\/wp-json\/wp\/v2\/media?parent=9579"}],"wp:term":[{"taxonomy":"product_brand","embeddable":true,"href":"https:\/\/happymonkspublication.org\/de\/wp-json\/wp\/v2\/product_brand?post=9579"},{"taxonomy":"product_cat","embeddable":true,"href":"https:\/\/happymonkspublication.org\/de\/wp-json\/wp\/v2\/product_cat?post=9579"},{"taxonomy":"product_tag","embeddable":true,"href":"https:\/\/happymonkspublication.org\/de\/wp-json\/wp\/v2\/product_tag?post=9579"}],"curies":[{"name":"wp","href":"https:\/\/api.w.org\/{rel}","templated":true}]}}