{"id":9711,"date":"2019-02-11T15:16:52","date_gmt":"2019-02-11T14:16:52","guid":{"rendered":"https:\/\/happymonkspublication.org\/?post_type=product&#038;p=9711"},"modified":"2019-02-17T18:53:45","modified_gmt":"2019-02-17T17:53:45","slug":"mitgefuehl-und-selbstlosigkeit","status":"publish","type":"product","link":"https:\/\/happymonkspublication.org\/de\/veroeffentlichungen\/mitgefuehl-und-selbstlosigkeit\/","title":{"rendered":"Mitgef\u00fchl und Selbstlosigkeit"},"content":{"rendered":"<div id=\"fb-root\"><\/div>\n<p><strong>Links zur Person \u00d6sel Hita Torres:<\/strong><\/p>\n<ul>\n<li>Neuigkeiten \u00fcber \u00d6sel Hita Torres auf der <a href=\"https:\/\/fpmt.org\/fpmt\/osel\/news\/\" target=\"_blank\" rel=\"noopener\">FPMT-Website<\/a><\/li>\n<li>\u00d6sel Hita Torres, <a href=\"https:\/\/fpmt.org\/fpmt\/osel\/\" target=\"_blank\" rel=\"noopener\">eine kurze Beschreibung<\/a><\/li>\n<li>Ein kurzes Profil auf der <a href=\"https:\/\/www.lamayeshe.com\/teacher\/tenzin-osel-hita\" target=\"_blank\" rel=\"noopener\">Lama Yeshe Wisdom Archive Website<\/a><\/li>\n<\/ul>\n","protected":false},"excerpt":{"rendered":"<h3>Glaube nicht an all das, was Du denkst.<\/h3>\n<p>Transkript des Vortrags von \u00d6sel Hita Torres \u00fcber Mitgef\u00fchl und der falschen Vorstellung des Ichs\u00a0am 5. Februar in M\u00fcnchen.<\/p>\n<p>&nbsp;<\/p>\n","protected":false},"featured_media":9686,"template":"","meta":[],"product_brand":[],"product_cat":[371],"product_tag":[],"class_list":{"0":"post-9711","1":"product","2":"type-product","3":"status-publish","4":"has-post-thumbnail","6":"product_cat-lamrim-geistesschulung","7":"pa_book-author-oesel-hita-torres","8":"pa_book-category-lamrim-geistesschulung","10":"first","11":"instock","12":"downloadable","13":"virtual","14":"product-type-simple"},"yoast_head":"<!-- This site is optimized with the Yoast SEO plugin v27.1.1 - https:\/\/yoast.com\/product\/yoast-seo-wordpress\/ -->\n<title>Mitgef\u00fchl und Selbstlosigkeit - happymonkspublication.org<\/title>\n<meta name=\"robots\" content=\"index, follow, max-snippet:-1, max-image-preview:large, max-video-preview:-1\" \/>\n<link rel=\"canonical\" href=\"https:\/\/happymonkspublication.org\/de\/veroeffentlichungen\/mitgefuehl-und-selbstlosigkeit\/\" \/>\n<meta property=\"og:locale\" content=\"de_DE\" \/>\n<meta property=\"og:type\" content=\"article\" \/>\n<meta property=\"og:title\" content=\"Mitgef\u00fchl und Selbstlosigkeit - happymonkspublication.org\" \/>\n<meta property=\"og:description\" content=\"Glaube nicht an all das, was Du denkst. Transkript des Vortrags von \u00d6sel Hita Torres \u00fcber Mitgef\u00fchl und der falschen Vorstellung des Ichs\u00a0am 5. Februar in M\u00fcnchen.  &nbsp;\" \/>\n<meta property=\"og:url\" content=\"https:\/\/happymonkspublication.org\/de\/veroeffentlichungen\/mitgefuehl-und-selbstlosigkeit\/\" \/>\n<meta property=\"og:site_name\" content=\"happymonkspublication.org\" \/>\n<meta property=\"article:modified_time\" content=\"2019-02-17T17:53:45+00:00\" \/>\n<meta property=\"og:image\" content=\"https:\/\/happymonkspublication.org\/wp-content\/uploads\/2019\/02\/HMP_Aryatara-Publikation_Mitgefuehl-und-Selbstlosigkeit_Oesel-Hita-Torres_front.jpg\" \/>\n\t<meta property=\"og:image:width\" content=\"639\" \/>\n\t<meta property=\"og:image:height\" content=\"908\" \/>\n\t<meta property=\"og:image:type\" content=\"image\/jpeg\" \/>\n<meta name=\"twitter:card\" content=\"summary_large_image\" \/>\n<script type=\"application\/ld+json\" class=\"yoast-schema-graph\">{\"@context\":\"https:\/\/schema.org\",\"@graph\":[{\"@type\":\"WebPage\",\"@id\":\"https:\/\/happymonkspublication.org\/de\/veroeffentlichungen\/mitgefuehl-und-selbstlosigkeit\/\",\"url\":\"https:\/\/happymonkspublication.org\/de\/veroeffentlichungen\/mitgefuehl-und-selbstlosigkeit\/\",\"name\":\"Mitgef\u00fchl und Selbstlosigkeit - happymonkspublication.org\",\"isPartOf\":{\"@id\":\"https:\/\/happymonkspublication.org\/#website\"},\"primaryImageOfPage\":{\"@id\":\"https:\/\/happymonkspublication.org\/de\/veroeffentlichungen\/mitgefuehl-und-selbstlosigkeit\/#primaryimage\"},\"image\":{\"@id\":\"https:\/\/happymonkspublication.org\/de\/veroeffentlichungen\/mitgefuehl-und-selbstlosigkeit\/#primaryimage\"},\"thumbnailUrl\":\"https:\/\/happymonkspublication.org\/wp-content\/uploads\/2019\/02\/HMP_Aryatara-Publikation_Mitgefuehl-und-Selbstlosigkeit_Oesel-Hita-Torres_front.jpg\",\"datePublished\":\"2019-02-11T14:16:52+00:00\",\"dateModified\":\"2019-02-17T17:53:45+00:00\",\"breadcrumb\":{\"@id\":\"https:\/\/happymonkspublication.org\/de\/veroeffentlichungen\/mitgefuehl-und-selbstlosigkeit\/#breadcrumb\"},\"inLanguage\":\"de\",\"potentialAction\":[{\"@type\":\"ReadAction\",\"target\":[\"https:\/\/happymonkspublication.org\/de\/veroeffentlichungen\/mitgefuehl-und-selbstlosigkeit\/\"]}]},{\"@type\":\"ImageObject\",\"inLanguage\":\"de\",\"@id\":\"https:\/\/happymonkspublication.org\/de\/veroeffentlichungen\/mitgefuehl-und-selbstlosigkeit\/#primaryimage\",\"url\":\"https:\/\/happymonkspublication.org\/wp-content\/uploads\/2019\/02\/HMP_Aryatara-Publikation_Mitgefuehl-und-Selbstlosigkeit_Oesel-Hita-Torres_front.jpg\",\"contentUrl\":\"https:\/\/happymonkspublication.org\/wp-content\/uploads\/2019\/02\/HMP_Aryatara-Publikation_Mitgefuehl-und-Selbstlosigkeit_Oesel-Hita-Torres_front.jpg\",\"width\":639,\"height\":908,\"caption\":\"HappyMonksPublikation - Aryatara Publikation - Mitgef\u00fchl und Selbstlosigkeit - \u00d6sel Hita Torres - front\"},{\"@type\":\"BreadcrumbList\",\"@id\":\"https:\/\/happymonkspublication.org\/de\/veroeffentlichungen\/mitgefuehl-und-selbstlosigkeit\/#breadcrumb\",\"itemListElement\":[{\"@type\":\"ListItem\",\"position\":1,\"name\":\"Home\",\"item\":\"https:\/\/happymonkspublication.org\/de\/\"},{\"@type\":\"ListItem\",\"position\":2,\"name\":\"Shop\",\"item\":\"https:\/\/happymonkspublication.org\/shop\/\"},{\"@type\":\"ListItem\",\"position\":3,\"name\":\"Mitgef\u00fchl und Selbstlosigkeit\"}]},{\"@type\":\"WebSite\",\"@id\":\"https:\/\/happymonkspublication.org\/#website\",\"url\":\"https:\/\/happymonkspublication.org\/\",\"name\":\"happymonkspublication.org\",\"description\":\"HappyMonksPublication\",\"publisher\":{\"@id\":\"https:\/\/happymonkspublication.org\/#organization\"},\"potentialAction\":[{\"@type\":\"SearchAction\",\"target\":{\"@type\":\"EntryPoint\",\"urlTemplate\":\"https:\/\/happymonkspublication.org\/?s={search_term_string}\"},\"query-input\":{\"@type\":\"PropertyValueSpecification\",\"valueRequired\":true,\"valueName\":\"search_term_string\"}}],\"inLanguage\":\"de\"},{\"@type\":\"Organization\",\"@id\":\"https:\/\/happymonkspublication.org\/#organization\",\"name\":\"HappyMonksPublication\",\"url\":\"https:\/\/happymonkspublication.org\/\",\"logo\":{\"@type\":\"ImageObject\",\"inLanguage\":\"de\",\"@id\":\"https:\/\/happymonkspublication.org\/#\/schema\/logo\/image\/\",\"url\":\"https:\/\/happymonkspublication.org\/wp-content\/uploads\/2018\/02\/happymonkspublication-logo_quer_maron_439px.png\",\"contentUrl\":\"https:\/\/happymonkspublication.org\/wp-content\/uploads\/2018\/02\/happymonkspublication-logo_quer_maron_439px.png\",\"width\":709,\"height\":376,\"caption\":\"HappyMonksPublication\"},\"image\":{\"@id\":\"https:\/\/happymonkspublication.org\/#\/schema\/logo\/image\/\"}}]}<\/script>\n<!-- \/ Yoast SEO plugin. -->","yoast_head_json":{"title":"Mitgef\u00fchl und Selbstlosigkeit - happymonkspublication.org","robots":{"index":"index","follow":"follow","max-snippet":"max-snippet:-1","max-image-preview":"max-image-preview:large","max-video-preview":"max-video-preview:-1"},"canonical":"https:\/\/happymonkspublication.org\/de\/veroeffentlichungen\/mitgefuehl-und-selbstlosigkeit\/","og_locale":"de_DE","og_type":"article","og_title":"Mitgef\u00fchl und Selbstlosigkeit - happymonkspublication.org","og_description":"Glaube nicht an all das, was Du denkst. Transkript des Vortrags von \u00d6sel Hita Torres \u00fcber Mitgef\u00fchl und der falschen Vorstellung des Ichs\u00a0am 5. Februar in M\u00fcnchen.  &nbsp;","og_url":"https:\/\/happymonkspublication.org\/de\/veroeffentlichungen\/mitgefuehl-und-selbstlosigkeit\/","og_site_name":"happymonkspublication.org","article_modified_time":"2019-02-17T17:53:45+00:00","og_image":[{"width":639,"height":908,"url":"https:\/\/happymonkspublication.org\/wp-content\/uploads\/2019\/02\/HMP_Aryatara-Publikation_Mitgefuehl-und-Selbstlosigkeit_Oesel-Hita-Torres_front.jpg","type":"image\/jpeg"}],"twitter_card":"summary_large_image","schema":{"@context":"https:\/\/schema.org","@graph":[{"@type":"WebPage","@id":"https:\/\/happymonkspublication.org\/de\/veroeffentlichungen\/mitgefuehl-und-selbstlosigkeit\/","url":"https:\/\/happymonkspublication.org\/de\/veroeffentlichungen\/mitgefuehl-und-selbstlosigkeit\/","name":"Mitgef\u00fchl und Selbstlosigkeit - happymonkspublication.org","isPartOf":{"@id":"https:\/\/happymonkspublication.org\/#website"},"primaryImageOfPage":{"@id":"https:\/\/happymonkspublication.org\/de\/veroeffentlichungen\/mitgefuehl-und-selbstlosigkeit\/#primaryimage"},"image":{"@id":"https:\/\/happymonkspublication.org\/de\/veroeffentlichungen\/mitgefuehl-und-selbstlosigkeit\/#primaryimage"},"thumbnailUrl":"https:\/\/happymonkspublication.org\/wp-content\/uploads\/2019\/02\/HMP_Aryatara-Publikation_Mitgefuehl-und-Selbstlosigkeit_Oesel-Hita-Torres_front.jpg","datePublished":"2019-02-11T14:16:52+00:00","dateModified":"2019-02-17T17:53:45+00:00","breadcrumb":{"@id":"https:\/\/happymonkspublication.org\/de\/veroeffentlichungen\/mitgefuehl-und-selbstlosigkeit\/#breadcrumb"},"inLanguage":"de","potentialAction":[{"@type":"ReadAction","target":["https:\/\/happymonkspublication.org\/de\/veroeffentlichungen\/mitgefuehl-und-selbstlosigkeit\/"]}]},{"@type":"ImageObject","inLanguage":"de","@id":"https:\/\/happymonkspublication.org\/de\/veroeffentlichungen\/mitgefuehl-und-selbstlosigkeit\/#primaryimage","url":"https:\/\/happymonkspublication.org\/wp-content\/uploads\/2019\/02\/HMP_Aryatara-Publikation_Mitgefuehl-und-Selbstlosigkeit_Oesel-Hita-Torres_front.jpg","contentUrl":"https:\/\/happymonkspublication.org\/wp-content\/uploads\/2019\/02\/HMP_Aryatara-Publikation_Mitgefuehl-und-Selbstlosigkeit_Oesel-Hita-Torres_front.jpg","width":639,"height":908,"caption":"HappyMonksPublikation - Aryatara Publikation - Mitgef\u00fchl und Selbstlosigkeit - \u00d6sel Hita Torres - front"},{"@type":"BreadcrumbList","@id":"https:\/\/happymonkspublication.org\/de\/veroeffentlichungen\/mitgefuehl-und-selbstlosigkeit\/#breadcrumb","itemListElement":[{"@type":"ListItem","position":1,"name":"Home","item":"https:\/\/happymonkspublication.org\/de\/"},{"@type":"ListItem","position":2,"name":"Shop","item":"https:\/\/happymonkspublication.org\/shop\/"},{"@type":"ListItem","position":3,"name":"Mitgef\u00fchl und Selbstlosigkeit"}]},{"@type":"WebSite","@id":"https:\/\/happymonkspublication.org\/#website","url":"https:\/\/happymonkspublication.org\/","name":"happymonkspublication.org","description":"HappyMonksPublication","publisher":{"@id":"https:\/\/happymonkspublication.org\/#organization"},"potentialAction":[{"@type":"SearchAction","target":{"@type":"EntryPoint","urlTemplate":"https:\/\/happymonkspublication.org\/?s={search_term_string}"},"query-input":{"@type":"PropertyValueSpecification","valueRequired":true,"valueName":"search_term_string"}}],"inLanguage":"de"},{"@type":"Organization","@id":"https:\/\/happymonkspublication.org\/#organization","name":"HappyMonksPublication","url":"https:\/\/happymonkspublication.org\/","logo":{"@type":"ImageObject","inLanguage":"de","@id":"https:\/\/happymonkspublication.org\/#\/schema\/logo\/image\/","url":"https:\/\/happymonkspublication.org\/wp-content\/uploads\/2018\/02\/happymonkspublication-logo_quer_maron_439px.png","contentUrl":"https:\/\/happymonkspublication.org\/wp-content\/uploads\/2018\/02\/happymonkspublication-logo_quer_maron_439px.png","width":709,"height":376,"caption":"HappyMonksPublication"},"image":{"@id":"https:\/\/happymonkspublication.org\/#\/schema\/logo\/image\/"}}]}},"_links":{"self":[{"href":"https:\/\/happymonkspublication.org\/de\/wp-json\/wp\/v2\/product\/9711","targetHints":{"allow":["GET"]}}],"collection":[{"href":"https:\/\/happymonkspublication.org\/de\/wp-json\/wp\/v2\/product"}],"about":[{"href":"https:\/\/happymonkspublication.org\/de\/wp-json\/wp\/v2\/types\/product"}],"wp:featuredmedia":[{"embeddable":true,"href":"https:\/\/happymonkspublication.org\/de\/wp-json\/wp\/v2\/media\/9686"}],"wp:attachment":[{"href":"https:\/\/happymonkspublication.org\/de\/wp-json\/wp\/v2\/media?parent=9711"}],"wp:term":[{"taxonomy":"product_brand","embeddable":true,"href":"https:\/\/happymonkspublication.org\/de\/wp-json\/wp\/v2\/product_brand?post=9711"},{"taxonomy":"product_cat","embeddable":true,"href":"https:\/\/happymonkspublication.org\/de\/wp-json\/wp\/v2\/product_cat?post=9711"},{"taxonomy":"product_tag","embeddable":true,"href":"https:\/\/happymonkspublication.org\/de\/wp-json\/wp\/v2\/product_tag?post=9711"}],"curies":[{"name":"wp","href":"https:\/\/api.w.org\/{rel}","templated":true}]}}