{"id":11519,"date":"2023-05-11T13:58:11","date_gmt":"2023-05-11T11:58:11","guid":{"rendered":"https:\/\/happymonkspublication.org\/?post_type=product&#038;p=11519"},"modified":"2023-05-12T10:52:07","modified_gmt":"2023-05-12T08:52:07","slug":"un-libro-de-terminos-budistas-para-ninos","status":"publish","type":"product","link":"https:\/\/happymonkspublication.org\/es\/producto\/un-libro-de-terminos-budistas-para-ninos\/","title":{"rendered":"Un libro de t\u00e9rminos budistas para ni\u00f1os"},"content":{"rendered":"<div id=\"fb-root\"><\/div>\n<p>\u00abPor el momento nos encontramos en una situaci\u00f3n muy beneficiosa y muy favorable.<br \/>\nNo importa lo que aprendamos, todo lo que aprendamos no es solo para nosotros, no es solo para nuestra propia felicidad, sino para la de todos los seres humanos, para la de todos los insectos, para la de todos, para brindarles felicidad, para encargarnos de su felicidad.<br \/>\nSi quieres hacer que la vida sea f\u00e1cil y feliz, recuerda que todo lo que aprendes es para ayudar a los dem\u00e1s, para ense\u00f1arles algo, no solo a las personas, sino tambi\u00e9n a los animales. Eso te da una alegr\u00eda incre\u00edble, tremenda.<\/p>\n<p>As\u00ed es como te haces feliz\u00bb.<br \/>\n\u2013 Lama Zopa Rimpoch\u00e9<\/p>\n","protected":false},"excerpt":{"rendered":"<p>\u2026tambi\u00e9n apropiado para adultos de todas las edades\u2026<\/p>\n","protected":false},"featured_media":11525,"template":"","meta":[],"product_brand":[],"product_cat":[426],"product_tag":[],"class_list":{"0":"post-11519","1":"product","2":"type-product","3":"status-publish","4":"has-post-thumbnail","6":"product_cat-meditacion-oraciones-y-practicas","7":"pa_book-category-meditacion-oraciones-practicas","9":"first","10":"instock","11":"downloadable","12":"virtual","13":"product-type-simple"},"yoast_head":"<!-- This site is optimized with the Yoast SEO plugin v27.1.1 - https:\/\/yoast.com\/product\/yoast-seo-wordpress\/ -->\n<title>Un libro de t\u00e9rminos budistas para ni\u00f1os - happymonkspublication.org<\/title>\n<meta name=\"robots\" content=\"index, follow, max-snippet:-1, max-image-preview:large, max-video-preview:-1\" \/>\n<link rel=\"canonical\" href=\"https:\/\/happymonkspublication.org\/es\/producto\/un-libro-de-terminos-budistas-para-ninos\/\" \/>\n<meta property=\"og:locale\" content=\"es_ES\" \/>\n<meta property=\"og:type\" content=\"article\" \/>\n<meta property=\"og:title\" content=\"Un libro de t\u00e9rminos budistas para ni\u00f1os - happymonkspublication.org\" \/>\n<meta property=\"og:description\" content=\"\u2026tambi\u00e9n apropiado para adultos de todas las edades\u2026\" \/>\n<meta property=\"og:url\" content=\"https:\/\/happymonkspublication.org\/es\/producto\/un-libro-de-terminos-budistas-para-ninos\/\" \/>\n<meta property=\"og:site_name\" content=\"happymonkspublication.org\" \/>\n<meta property=\"article:modified_time\" content=\"2023-05-12T08:52:07+00:00\" \/>\n<meta property=\"og:image\" content=\"https:\/\/happymonkspublication.org\/wp-content\/uploads\/2023\/05\/HMP_Un-libro-de-terminos-budistas-para-ninos_front.jpg\" \/>\n\t<meta property=\"og:image:width\" content=\"901\" \/>\n\t<meta property=\"og:image:height\" content=\"900\" \/>\n\t<meta property=\"og:image:type\" content=\"image\/jpeg\" \/>\n<meta name=\"twitter:card\" content=\"summary_large_image\" \/>\n<meta name=\"twitter:label1\" content=\"Tiempo de lectura\" \/>\n\t<meta name=\"twitter:data1\" content=\"1 minuto\" \/>\n<script type=\"application\/ld+json\" class=\"yoast-schema-graph\">{\"@context\":\"https:\/\/schema.org\",\"@graph\":[{\"@type\":\"WebPage\",\"@id\":\"https:\/\/happymonkspublication.org\/es\/producto\/un-libro-de-terminos-budistas-para-ninos\/\",\"url\":\"https:\/\/happymonkspublication.org\/es\/producto\/un-libro-de-terminos-budistas-para-ninos\/\",\"name\":\"Un libro de t\u00e9rminos budistas para ni\u00f1os - happymonkspublication.org\",\"isPartOf\":{\"@id\":\"https:\/\/happymonkspublication.org\/#website\"},\"primaryImageOfPage\":{\"@id\":\"https:\/\/happymonkspublication.org\/es\/producto\/un-libro-de-terminos-budistas-para-ninos\/#primaryimage\"},\"image\":{\"@id\":\"https:\/\/happymonkspublication.org\/es\/producto\/un-libro-de-terminos-budistas-para-ninos\/#primaryimage\"},\"thumbnailUrl\":\"https:\/\/happymonkspublication.org\/wp-content\/uploads\/2023\/05\/HMP_Un-libro-de-terminos-budistas-para-ninos_front.jpg\",\"datePublished\":\"2023-05-11T11:58:11+00:00\",\"dateModified\":\"2023-05-12T08:52:07+00:00\",\"breadcrumb\":{\"@id\":\"https:\/\/happymonkspublication.org\/es\/producto\/un-libro-de-terminos-budistas-para-ninos\/#breadcrumb\"},\"inLanguage\":\"es\",\"potentialAction\":[{\"@type\":\"ReadAction\",\"target\":[\"https:\/\/happymonkspublication.org\/es\/producto\/un-libro-de-terminos-budistas-para-ninos\/\"]}]},{\"@type\":\"ImageObject\",\"inLanguage\":\"es\",\"@id\":\"https:\/\/happymonkspublication.org\/es\/producto\/un-libro-de-terminos-budistas-para-ninos\/#primaryimage\",\"url\":\"https:\/\/happymonkspublication.org\/wp-content\/uploads\/2023\/05\/HMP_Un-libro-de-terminos-budistas-para-ninos_front.jpg\",\"contentUrl\":\"https:\/\/happymonkspublication.org\/wp-content\/uploads\/2023\/05\/HMP_Un-libro-de-terminos-budistas-para-ninos_front.jpg\",\"width\":901,\"height\":900,\"caption\":\"HMP - Un libro de t\u00e9rminos budistas para ni\u00f1os - front\"},{\"@type\":\"BreadcrumbList\",\"@id\":\"https:\/\/happymonkspublication.org\/es\/producto\/un-libro-de-terminos-budistas-para-ninos\/#breadcrumb\",\"itemListElement\":[{\"@type\":\"ListItem\",\"position\":1,\"name\":\"Home\",\"item\":\"https:\/\/happymonkspublication.org\/es\/inicio\/\"},{\"@type\":\"ListItem\",\"position\":2,\"name\":\"Shop\",\"item\":\"https:\/\/happymonkspublication.org\/shop\/\"},{\"@type\":\"ListItem\",\"position\":3,\"name\":\"Un libro de t\u00e9rminos budistas para ni\u00f1os\"}]},{\"@type\":\"WebSite\",\"@id\":\"https:\/\/happymonkspublication.org\/#website\",\"url\":\"https:\/\/happymonkspublication.org\/\",\"name\":\"happymonkspublication.org\",\"description\":\"HappyMonksPublication\",\"publisher\":{\"@id\":\"https:\/\/happymonkspublication.org\/#organization\"},\"potentialAction\":[{\"@type\":\"SearchAction\",\"target\":{\"@type\":\"EntryPoint\",\"urlTemplate\":\"https:\/\/happymonkspublication.org\/?s={search_term_string}\"},\"query-input\":{\"@type\":\"PropertyValueSpecification\",\"valueRequired\":true,\"valueName\":\"search_term_string\"}}],\"inLanguage\":\"es\"},{\"@type\":\"Organization\",\"@id\":\"https:\/\/happymonkspublication.org\/#organization\",\"name\":\"HappyMonksPublication\",\"url\":\"https:\/\/happymonkspublication.org\/\",\"logo\":{\"@type\":\"ImageObject\",\"inLanguage\":\"es\",\"@id\":\"https:\/\/happymonkspublication.org\/#\/schema\/logo\/image\/\",\"url\":\"https:\/\/happymonkspublication.org\/wp-content\/uploads\/2018\/02\/happymonkspublication-logo_quer_maron_439px.png\",\"contentUrl\":\"https:\/\/happymonkspublication.org\/wp-content\/uploads\/2018\/02\/happymonkspublication-logo_quer_maron_439px.png\",\"width\":709,\"height\":376,\"caption\":\"HappyMonksPublication\"},\"image\":{\"@id\":\"https:\/\/happymonkspublication.org\/#\/schema\/logo\/image\/\"}}]}<\/script>\n<!-- \/ Yoast SEO plugin. -->","yoast_head_json":{"title":"Un libro de t\u00e9rminos budistas para ni\u00f1os - happymonkspublication.org","robots":{"index":"index","follow":"follow","max-snippet":"max-snippet:-1","max-image-preview":"max-image-preview:large","max-video-preview":"max-video-preview:-1"},"canonical":"https:\/\/happymonkspublication.org\/es\/producto\/un-libro-de-terminos-budistas-para-ninos\/","og_locale":"es_ES","og_type":"article","og_title":"Un libro de t\u00e9rminos budistas para ni\u00f1os - happymonkspublication.org","og_description":"\u2026tambi\u00e9n apropiado para adultos de todas las edades\u2026","og_url":"https:\/\/happymonkspublication.org\/es\/producto\/un-libro-de-terminos-budistas-para-ninos\/","og_site_name":"happymonkspublication.org","article_modified_time":"2023-05-12T08:52:07+00:00","og_image":[{"width":901,"height":900,"url":"https:\/\/happymonkspublication.org\/wp-content\/uploads\/2023\/05\/HMP_Un-libro-de-terminos-budistas-para-ninos_front.jpg","type":"image\/jpeg"}],"twitter_card":"summary_large_image","twitter_misc":{"Tiempo de lectura":"1 minuto"},"schema":{"@context":"https:\/\/schema.org","@graph":[{"@type":"WebPage","@id":"https:\/\/happymonkspublication.org\/es\/producto\/un-libro-de-terminos-budistas-para-ninos\/","url":"https:\/\/happymonkspublication.org\/es\/producto\/un-libro-de-terminos-budistas-para-ninos\/","name":"Un libro de t\u00e9rminos budistas para ni\u00f1os - happymonkspublication.org","isPartOf":{"@id":"https:\/\/happymonkspublication.org\/#website"},"primaryImageOfPage":{"@id":"https:\/\/happymonkspublication.org\/es\/producto\/un-libro-de-terminos-budistas-para-ninos\/#primaryimage"},"image":{"@id":"https:\/\/happymonkspublication.org\/es\/producto\/un-libro-de-terminos-budistas-para-ninos\/#primaryimage"},"thumbnailUrl":"https:\/\/happymonkspublication.org\/wp-content\/uploads\/2023\/05\/HMP_Un-libro-de-terminos-budistas-para-ninos_front.jpg","datePublished":"2023-05-11T11:58:11+00:00","dateModified":"2023-05-12T08:52:07+00:00","breadcrumb":{"@id":"https:\/\/happymonkspublication.org\/es\/producto\/un-libro-de-terminos-budistas-para-ninos\/#breadcrumb"},"inLanguage":"es","potentialAction":[{"@type":"ReadAction","target":["https:\/\/happymonkspublication.org\/es\/producto\/un-libro-de-terminos-budistas-para-ninos\/"]}]},{"@type":"ImageObject","inLanguage":"es","@id":"https:\/\/happymonkspublication.org\/es\/producto\/un-libro-de-terminos-budistas-para-ninos\/#primaryimage","url":"https:\/\/happymonkspublication.org\/wp-content\/uploads\/2023\/05\/HMP_Un-libro-de-terminos-budistas-para-ninos_front.jpg","contentUrl":"https:\/\/happymonkspublication.org\/wp-content\/uploads\/2023\/05\/HMP_Un-libro-de-terminos-budistas-para-ninos_front.jpg","width":901,"height":900,"caption":"HMP - Un libro de t\u00e9rminos budistas para ni\u00f1os - front"},{"@type":"BreadcrumbList","@id":"https:\/\/happymonkspublication.org\/es\/producto\/un-libro-de-terminos-budistas-para-ninos\/#breadcrumb","itemListElement":[{"@type":"ListItem","position":1,"name":"Home","item":"https:\/\/happymonkspublication.org\/es\/inicio\/"},{"@type":"ListItem","position":2,"name":"Shop","item":"https:\/\/happymonkspublication.org\/shop\/"},{"@type":"ListItem","position":3,"name":"Un libro de t\u00e9rminos budistas para ni\u00f1os"}]},{"@type":"WebSite","@id":"https:\/\/happymonkspublication.org\/#website","url":"https:\/\/happymonkspublication.org\/","name":"happymonkspublication.org","description":"HappyMonksPublication","publisher":{"@id":"https:\/\/happymonkspublication.org\/#organization"},"potentialAction":[{"@type":"SearchAction","target":{"@type":"EntryPoint","urlTemplate":"https:\/\/happymonkspublication.org\/?s={search_term_string}"},"query-input":{"@type":"PropertyValueSpecification","valueRequired":true,"valueName":"search_term_string"}}],"inLanguage":"es"},{"@type":"Organization","@id":"https:\/\/happymonkspublication.org\/#organization","name":"HappyMonksPublication","url":"https:\/\/happymonkspublication.org\/","logo":{"@type":"ImageObject","inLanguage":"es","@id":"https:\/\/happymonkspublication.org\/#\/schema\/logo\/image\/","url":"https:\/\/happymonkspublication.org\/wp-content\/uploads\/2018\/02\/happymonkspublication-logo_quer_maron_439px.png","contentUrl":"https:\/\/happymonkspublication.org\/wp-content\/uploads\/2018\/02\/happymonkspublication-logo_quer_maron_439px.png","width":709,"height":376,"caption":"HappyMonksPublication"},"image":{"@id":"https:\/\/happymonkspublication.org\/#\/schema\/logo\/image\/"}}]}},"_links":{"self":[{"href":"https:\/\/happymonkspublication.org\/es\/wp-json\/wp\/v2\/product\/11519","targetHints":{"allow":["GET"]}}],"collection":[{"href":"https:\/\/happymonkspublication.org\/es\/wp-json\/wp\/v2\/product"}],"about":[{"href":"https:\/\/happymonkspublication.org\/es\/wp-json\/wp\/v2\/types\/product"}],"wp:featuredmedia":[{"embeddable":true,"href":"https:\/\/happymonkspublication.org\/es\/wp-json\/wp\/v2\/media\/11525"}],"wp:attachment":[{"href":"https:\/\/happymonkspublication.org\/es\/wp-json\/wp\/v2\/media?parent=11519"}],"wp:term":[{"taxonomy":"product_brand","embeddable":true,"href":"https:\/\/happymonkspublication.org\/es\/wp-json\/wp\/v2\/product_brand?post=11519"},{"taxonomy":"product_cat","embeddable":true,"href":"https:\/\/happymonkspublication.org\/es\/wp-json\/wp\/v2\/product_cat?post=11519"},{"taxonomy":"product_tag","embeddable":true,"href":"https:\/\/happymonkspublication.org\/es\/wp-json\/wp\/v2\/product_tag?post=11519"}],"curies":[{"name":"wp","href":"https:\/\/api.w.org\/{rel}","templated":true}]}}