{"id":8490,"date":"2018-12-03T20:47:01","date_gmt":"2018-12-03T19:47:01","guid":{"rendered":"https:\/\/happymonkspublication.org\/?post_type=product&#038;p=8490"},"modified":"2020-10-11T19:15:57","modified_gmt":"2020-10-11T17:15:57","slug":"una-gota-del-oceano-de-los-agregados","status":"publish","type":"product","link":"https:\/\/happymonkspublication.org\/es\/producto\/una-gota-del-oceano-de-los-agregados\/","title":{"rendered":"Una Gota del Oc\u00e9ano de los Agregados"},"content":{"rendered":"<div id=\"fb-root\"><\/div>\n","protected":false},"excerpt":{"rendered":"<p>Aryadeva:<\/p>\n<blockquote><p>Aqu\u00e9l que ve a uno,<br \/>\nSe dice que contempla a todos.<br \/>\nAquello que es la vacuidad de uno,<br \/>\nEs la vacuidad de todo.<\/p><\/blockquote>\n<p>De la Guirnalda Preciosa:<\/p>\n<blockquote><p>Un ser no es ni tierra, ni agua,<br \/>\nNi fuego, ni viento, ni espacio,<br \/>\nNi es la consciencia. Si no es ninguno,<br \/>\n\u00bfD\u00f3nde hay una persona separada de ellos?<br \/>\nPor que el ser se combina con los seis elementos<br \/>\nNo es absoluto. De la misma manera,<br \/>\nPor que las esferas individuales se combinan,<br \/>\nNo existen absolutamente.<\/p><\/blockquote>\n<h3>Pre\u00e1mbulo<\/h3>\n<p>Los cinco agregados son un tema principal ya que son la base para muchas de las meditaciones m\u00e1s importantes.<br \/>\nEl aferramiento al &#8216;Yo&#8217; y a &#8216;lo m\u00edo&#8217; es muy sutil pero extremadamente resistente; es la ra\u00edz de todos los problemas. Para ser capaz de apreciar completamente el efecto da\u00f1ino que tiene este aferramiento y a continuaci\u00f3n ser capaz de liberarse de ello, es necesario entender tanto la naturaleza ilusoria y convencional de los agregados como su manera \u00faltima de existir.<br \/>\nHe reunido y traducido la mayor parte del contenido de este libro de diferentes textos Tibetanos tales como del Ornamento Claro de Chim Jam-pe&#8217;i Yang, Iluminaci\u00f3n del Camino a la Liberaci\u00f3n del primer Dalai Lama Gyalwa Gedun Drub y de la Compilaci\u00f3n de Temas de Purbuchok Jampa Ts\u00fcltrim Gyatso. Algunos de estos pensamientos son m\u00edos, sin embargo est\u00e1n basados en dicho material. Yo soy enteramente responsable por cualquier error.<\/p>\n<p><strong>Del Sutra del Coraz\u00f3n:<\/strong><\/p>\n<blockquote><p>Shariputra, cualquier hijo o hija de buen linaje que desee practicar la profunda perfecci\u00f3n de la sabidur\u00eda deber\u00e1 contemplarla as\u00ed, considerando repetidamente y de modo correcto estos cinco agregados como tambi\u00e9n vac\u00edos de naturaleza inherente. La forma es vacuidad. La vacuidad es forma. La vacuidad no es m\u00e1s que forma, la<br \/>\nforma no es m\u00e1s que vacuidad. Del mismo modo, la sensaci\u00f3n, la discriminaci\u00f3n, los\u00a0factores de composici\u00f3n y la conciencia son vac\u00edos<\/p><\/blockquote>\n","protected":false},"featured_media":8493,"template":"","meta":[],"product_brand":[],"product_cat":[430],"product_tag":[],"class_list":{"0":"post-8490","1":"product","2":"type-product","3":"status-publish","4":"has-post-thumbnail","6":"product_cat-compilacion-de-temas","7":"pa_book-author-ven-fedor-stracke-es","8":"pa_book-category-compilacion-de-temas","10":"first","11":"instock","12":"featured","13":"downloadable","14":"virtual","15":"product-type-simple"},"yoast_head":"<!-- This site is optimized with the Yoast SEO plugin v27.1.1 - https:\/\/yoast.com\/product\/yoast-seo-wordpress\/ -->\n<title>Una Gota del Oc\u00e9ano de los Agregados - happymonkspublication.org<\/title>\n<meta name=\"robots\" content=\"index, follow, max-snippet:-1, max-image-preview:large, max-video-preview:-1\" \/>\n<link rel=\"canonical\" href=\"https:\/\/happymonkspublication.org\/es\/producto\/una-gota-del-oceano-de-los-agregados\/\" \/>\n<meta property=\"og:locale\" content=\"es_ES\" \/>\n<meta property=\"og:type\" content=\"article\" \/>\n<meta property=\"og:title\" content=\"Una Gota del Oc\u00e9ano de los Agregados - happymonkspublication.org\" \/>\n<meta property=\"og:description\" content=\"Aryadeva: Aqu\u00e9l que ve a uno, Se dice que contempla a todos. Aquello que es la vacuidad de uno, Es la vacuidad de todo. De la Guirnalda Preciosa: Un ser no es ni tierra, ni agua, Ni fuego, ni viento, ni espacio, Ni es la consciencia. Si no es ninguno, \u00bfD\u00f3nde hay una persona separada de ellos? Por que el ser se combina con los seis elementos No es absoluto. De la misma manera, Por que las esferas individuales se combinan, No existen absolutamente. Pre\u00e1mbulo Los cinco agregados son un tema principal ya que son la base para muchas de las meditaciones m\u00e1s importantes. El aferramiento al &#039;Yo&#039; y a &#039;lo m\u00edo&#039; es muy sutil pero extremadamente resistente; es la ra\u00edz de todos los problemas. Para ser capaz de apreciar completamente el efecto da\u00f1ino que tiene este aferramiento y a continuaci\u00f3n ser capaz de liberarse de ello, es necesario entender tanto la naturaleza ilusoria y convencional de los agregados como su manera \u00faltima de existir. He reunido y traducido la mayor parte del contenido de este libro de diferentes textos Tibetanos tales como del Ornamento Claro de Chim Jam-pe&#039;i Yang, Iluminaci\u00f3n del Camino a la Liberaci\u00f3n del primer Dalai Lama Gyalwa Gedun Drub y de la Compilaci\u00f3n de Temas de Purbuchok Jampa Ts\u00fcltrim Gyatso. Algunos de estos pensamientos son m\u00edos, sin embargo est\u00e1n basados en dicho material. Yo soy enteramente responsable por cualquier error.  Del Sutra del Coraz\u00f3n: Shariputra, cualquier hijo o hija de buen linaje que desee practicar la profunda perfecci\u00f3n de la sabidur\u00eda deber\u00e1 contemplarla as\u00ed, considerando repetidamente y de modo correcto estos cinco agregados como tambi\u00e9n vac\u00edos de naturaleza inherente. La forma es vacuidad. La vacuidad es forma. La vacuidad no es m\u00e1s que forma, la forma no es m\u00e1s que vacuidad. Del mismo modo, la sensaci\u00f3n, la discriminaci\u00f3n, los\u00a0factores de composici\u00f3n y la conciencia son vac\u00edos\" \/>\n<meta property=\"og:url\" content=\"https:\/\/happymonkspublication.org\/es\/producto\/una-gota-del-oceano-de-los-agregados\/\" \/>\n<meta property=\"og:site_name\" content=\"happymonkspublication.org\" \/>\n<meta property=\"article:modified_time\" content=\"2020-10-11T17:15:57+00:00\" \/>\n<meta property=\"og:image\" content=\"https:\/\/happymonkspublication.org\/wp-content\/uploads\/2018\/12\/HMP_Una-Gota-del-Oceano-de-los-Agregados.png\" \/>\n\t<meta property=\"og:image:width\" content=\"527\" \/>\n\t<meta property=\"og:image:height\" content=\"748\" \/>\n\t<meta property=\"og:image:type\" content=\"image\/png\" \/>\n<meta name=\"twitter:card\" content=\"summary_large_image\" \/>\n<script type=\"application\/ld+json\" class=\"yoast-schema-graph\">{\"@context\":\"https:\/\/schema.org\",\"@graph\":[{\"@type\":\"WebPage\",\"@id\":\"https:\/\/happymonkspublication.org\/es\/producto\/una-gota-del-oceano-de-los-agregados\/\",\"url\":\"https:\/\/happymonkspublication.org\/es\/producto\/una-gota-del-oceano-de-los-agregados\/\",\"name\":\"Una Gota del Oc\u00e9ano de los Agregados - happymonkspublication.org\",\"isPartOf\":{\"@id\":\"https:\/\/happymonkspublication.org\/#website\"},\"primaryImageOfPage\":{\"@id\":\"https:\/\/happymonkspublication.org\/es\/producto\/una-gota-del-oceano-de-los-agregados\/#primaryimage\"},\"image\":{\"@id\":\"https:\/\/happymonkspublication.org\/es\/producto\/una-gota-del-oceano-de-los-agregados\/#primaryimage\"},\"thumbnailUrl\":\"https:\/\/happymonkspublication.org\/wp-content\/uploads\/2018\/12\/HMP_Una-Gota-del-Oceano-de-los-Agregados.png\",\"datePublished\":\"2018-12-03T19:47:01+00:00\",\"dateModified\":\"2020-10-11T17:15:57+00:00\",\"breadcrumb\":{\"@id\":\"https:\/\/happymonkspublication.org\/es\/producto\/una-gota-del-oceano-de-los-agregados\/#breadcrumb\"},\"inLanguage\":\"es\",\"potentialAction\":[{\"@type\":\"ReadAction\",\"target\":[\"https:\/\/happymonkspublication.org\/es\/producto\/una-gota-del-oceano-de-los-agregados\/\"]}]},{\"@type\":\"ImageObject\",\"inLanguage\":\"es\",\"@id\":\"https:\/\/happymonkspublication.org\/es\/producto\/una-gota-del-oceano-de-los-agregados\/#primaryimage\",\"url\":\"https:\/\/happymonkspublication.org\/wp-content\/uploads\/2018\/12\/HMP_Una-Gota-del-Oceano-de-los-Agregados.png\",\"contentUrl\":\"https:\/\/happymonkspublication.org\/wp-content\/uploads\/2018\/12\/HMP_Una-Gota-del-Oceano-de-los-Agregados.png\",\"width\":527,\"height\":748,\"caption\":\"HappyMonksPublication - Una Gota del Oc\u00e9ano de los Agregados\"},{\"@type\":\"BreadcrumbList\",\"@id\":\"https:\/\/happymonkspublication.org\/es\/producto\/una-gota-del-oceano-de-los-agregados\/#breadcrumb\",\"itemListElement\":[{\"@type\":\"ListItem\",\"position\":1,\"name\":\"Home\",\"item\":\"https:\/\/happymonkspublication.org\/es\/inicio\/\"},{\"@type\":\"ListItem\",\"position\":2,\"name\":\"Shop\",\"item\":\"https:\/\/happymonkspublication.org\/shop\/\"},{\"@type\":\"ListItem\",\"position\":3,\"name\":\"Una Gota del Oc\u00e9ano de los Agregados\"}]},{\"@type\":\"WebSite\",\"@id\":\"https:\/\/happymonkspublication.org\/#website\",\"url\":\"https:\/\/happymonkspublication.org\/\",\"name\":\"happymonkspublication.org\",\"description\":\"HappyMonksPublication\",\"publisher\":{\"@id\":\"https:\/\/happymonkspublication.org\/#organization\"},\"potentialAction\":[{\"@type\":\"SearchAction\",\"target\":{\"@type\":\"EntryPoint\",\"urlTemplate\":\"https:\/\/happymonkspublication.org\/?s={search_term_string}\"},\"query-input\":{\"@type\":\"PropertyValueSpecification\",\"valueRequired\":true,\"valueName\":\"search_term_string\"}}],\"inLanguage\":\"es\"},{\"@type\":\"Organization\",\"@id\":\"https:\/\/happymonkspublication.org\/#organization\",\"name\":\"HappyMonksPublication\",\"url\":\"https:\/\/happymonkspublication.org\/\",\"logo\":{\"@type\":\"ImageObject\",\"inLanguage\":\"es\",\"@id\":\"https:\/\/happymonkspublication.org\/#\/schema\/logo\/image\/\",\"url\":\"https:\/\/happymonkspublication.org\/wp-content\/uploads\/2018\/02\/happymonkspublication-logo_quer_maron_439px.png\",\"contentUrl\":\"https:\/\/happymonkspublication.org\/wp-content\/uploads\/2018\/02\/happymonkspublication-logo_quer_maron_439px.png\",\"width\":709,\"height\":376,\"caption\":\"HappyMonksPublication\"},\"image\":{\"@id\":\"https:\/\/happymonkspublication.org\/#\/schema\/logo\/image\/\"}}]}<\/script>\n<!-- \/ Yoast SEO plugin. -->","yoast_head_json":{"title":"Una Gota del Oc\u00e9ano de los Agregados - happymonkspublication.org","robots":{"index":"index","follow":"follow","max-snippet":"max-snippet:-1","max-image-preview":"max-image-preview:large","max-video-preview":"max-video-preview:-1"},"canonical":"https:\/\/happymonkspublication.org\/es\/producto\/una-gota-del-oceano-de-los-agregados\/","og_locale":"es_ES","og_type":"article","og_title":"Una Gota del Oc\u00e9ano de los Agregados - happymonkspublication.org","og_description":"Aryadeva: Aqu\u00e9l que ve a uno, Se dice que contempla a todos. Aquello que es la vacuidad de uno, Es la vacuidad de todo. De la Guirnalda Preciosa: Un ser no es ni tierra, ni agua, Ni fuego, ni viento, ni espacio, Ni es la consciencia. Si no es ninguno, \u00bfD\u00f3nde hay una persona separada de ellos? Por que el ser se combina con los seis elementos No es absoluto. De la misma manera, Por que las esferas individuales se combinan, No existen absolutamente. Pre\u00e1mbulo Los cinco agregados son un tema principal ya que son la base para muchas de las meditaciones m\u00e1s importantes. El aferramiento al 'Yo' y a 'lo m\u00edo' es muy sutil pero extremadamente resistente; es la ra\u00edz de todos los problemas. Para ser capaz de apreciar completamente el efecto da\u00f1ino que tiene este aferramiento y a continuaci\u00f3n ser capaz de liberarse de ello, es necesario entender tanto la naturaleza ilusoria y convencional de los agregados como su manera \u00faltima de existir. He reunido y traducido la mayor parte del contenido de este libro de diferentes textos Tibetanos tales como del Ornamento Claro de Chim Jam-pe'i Yang, Iluminaci\u00f3n del Camino a la Liberaci\u00f3n del primer Dalai Lama Gyalwa Gedun Drub y de la Compilaci\u00f3n de Temas de Purbuchok Jampa Ts\u00fcltrim Gyatso. Algunos de estos pensamientos son m\u00edos, sin embargo est\u00e1n basados en dicho material. Yo soy enteramente responsable por cualquier error.  Del Sutra del Coraz\u00f3n: Shariputra, cualquier hijo o hija de buen linaje que desee practicar la profunda perfecci\u00f3n de la sabidur\u00eda deber\u00e1 contemplarla as\u00ed, considerando repetidamente y de modo correcto estos cinco agregados como tambi\u00e9n vac\u00edos de naturaleza inherente. La forma es vacuidad. La vacuidad es forma. La vacuidad no es m\u00e1s que forma, la forma no es m\u00e1s que vacuidad. Del mismo modo, la sensaci\u00f3n, la discriminaci\u00f3n, los\u00a0factores de composici\u00f3n y la conciencia son vac\u00edos","og_url":"https:\/\/happymonkspublication.org\/es\/producto\/una-gota-del-oceano-de-los-agregados\/","og_site_name":"happymonkspublication.org","article_modified_time":"2020-10-11T17:15:57+00:00","og_image":[{"width":527,"height":748,"url":"https:\/\/happymonkspublication.org\/wp-content\/uploads\/2018\/12\/HMP_Una-Gota-del-Oceano-de-los-Agregados.png","type":"image\/png"}],"twitter_card":"summary_large_image","schema":{"@context":"https:\/\/schema.org","@graph":[{"@type":"WebPage","@id":"https:\/\/happymonkspublication.org\/es\/producto\/una-gota-del-oceano-de-los-agregados\/","url":"https:\/\/happymonkspublication.org\/es\/producto\/una-gota-del-oceano-de-los-agregados\/","name":"Una Gota del Oc\u00e9ano de los Agregados - happymonkspublication.org","isPartOf":{"@id":"https:\/\/happymonkspublication.org\/#website"},"primaryImageOfPage":{"@id":"https:\/\/happymonkspublication.org\/es\/producto\/una-gota-del-oceano-de-los-agregados\/#primaryimage"},"image":{"@id":"https:\/\/happymonkspublication.org\/es\/producto\/una-gota-del-oceano-de-los-agregados\/#primaryimage"},"thumbnailUrl":"https:\/\/happymonkspublication.org\/wp-content\/uploads\/2018\/12\/HMP_Una-Gota-del-Oceano-de-los-Agregados.png","datePublished":"2018-12-03T19:47:01+00:00","dateModified":"2020-10-11T17:15:57+00:00","breadcrumb":{"@id":"https:\/\/happymonkspublication.org\/es\/producto\/una-gota-del-oceano-de-los-agregados\/#breadcrumb"},"inLanguage":"es","potentialAction":[{"@type":"ReadAction","target":["https:\/\/happymonkspublication.org\/es\/producto\/una-gota-del-oceano-de-los-agregados\/"]}]},{"@type":"ImageObject","inLanguage":"es","@id":"https:\/\/happymonkspublication.org\/es\/producto\/una-gota-del-oceano-de-los-agregados\/#primaryimage","url":"https:\/\/happymonkspublication.org\/wp-content\/uploads\/2018\/12\/HMP_Una-Gota-del-Oceano-de-los-Agregados.png","contentUrl":"https:\/\/happymonkspublication.org\/wp-content\/uploads\/2018\/12\/HMP_Una-Gota-del-Oceano-de-los-Agregados.png","width":527,"height":748,"caption":"HappyMonksPublication - Una Gota del Oc\u00e9ano de los Agregados"},{"@type":"BreadcrumbList","@id":"https:\/\/happymonkspublication.org\/es\/producto\/una-gota-del-oceano-de-los-agregados\/#breadcrumb","itemListElement":[{"@type":"ListItem","position":1,"name":"Home","item":"https:\/\/happymonkspublication.org\/es\/inicio\/"},{"@type":"ListItem","position":2,"name":"Shop","item":"https:\/\/happymonkspublication.org\/shop\/"},{"@type":"ListItem","position":3,"name":"Una Gota del Oc\u00e9ano de los Agregados"}]},{"@type":"WebSite","@id":"https:\/\/happymonkspublication.org\/#website","url":"https:\/\/happymonkspublication.org\/","name":"happymonkspublication.org","description":"HappyMonksPublication","publisher":{"@id":"https:\/\/happymonkspublication.org\/#organization"},"potentialAction":[{"@type":"SearchAction","target":{"@type":"EntryPoint","urlTemplate":"https:\/\/happymonkspublication.org\/?s={search_term_string}"},"query-input":{"@type":"PropertyValueSpecification","valueRequired":true,"valueName":"search_term_string"}}],"inLanguage":"es"},{"@type":"Organization","@id":"https:\/\/happymonkspublication.org\/#organization","name":"HappyMonksPublication","url":"https:\/\/happymonkspublication.org\/","logo":{"@type":"ImageObject","inLanguage":"es","@id":"https:\/\/happymonkspublication.org\/#\/schema\/logo\/image\/","url":"https:\/\/happymonkspublication.org\/wp-content\/uploads\/2018\/02\/happymonkspublication-logo_quer_maron_439px.png","contentUrl":"https:\/\/happymonkspublication.org\/wp-content\/uploads\/2018\/02\/happymonkspublication-logo_quer_maron_439px.png","width":709,"height":376,"caption":"HappyMonksPublication"},"image":{"@id":"https:\/\/happymonkspublication.org\/#\/schema\/logo\/image\/"}}]}},"_links":{"self":[{"href":"https:\/\/happymonkspublication.org\/es\/wp-json\/wp\/v2\/product\/8490","targetHints":{"allow":["GET"]}}],"collection":[{"href":"https:\/\/happymonkspublication.org\/es\/wp-json\/wp\/v2\/product"}],"about":[{"href":"https:\/\/happymonkspublication.org\/es\/wp-json\/wp\/v2\/types\/product"}],"wp:featuredmedia":[{"embeddable":true,"href":"https:\/\/happymonkspublication.org\/es\/wp-json\/wp\/v2\/media\/8493"}],"wp:attachment":[{"href":"https:\/\/happymonkspublication.org\/es\/wp-json\/wp\/v2\/media?parent=8490"}],"wp:term":[{"taxonomy":"product_brand","embeddable":true,"href":"https:\/\/happymonkspublication.org\/es\/wp-json\/wp\/v2\/product_brand?post=8490"},{"taxonomy":"product_cat","embeddable":true,"href":"https:\/\/happymonkspublication.org\/es\/wp-json\/wp\/v2\/product_cat?post=8490"},{"taxonomy":"product_tag","embeddable":true,"href":"https:\/\/happymonkspublication.org\/es\/wp-json\/wp\/v2\/product_tag?post=8490"}],"curies":[{"name":"wp","href":"https:\/\/api.w.org\/{rel}","templated":true}]}}