{"id":8588,"date":"2018-12-05T21:48:12","date_gmt":"2018-12-05T20:48:12","guid":{"rendered":"https:\/\/happymonkspublication.org\/?post_type=product&#038;p=8588"},"modified":"2019-02-19T14:25:41","modified_gmt":"2019-02-19T13:25:41","slug":"segundo-capitulo-purificacion-de-negatividades","status":"publish","type":"product","link":"https:\/\/happymonkspublication.org\/es\/producto\/segundo-capitulo-purificacion-de-negatividades\/","title":{"rendered":"Segundo cap\u00edtulo: Purificaci\u00f3n de negatividades"},"content":{"rendered":"<div id=\"fb-root\"><\/div>\n","protected":false},"excerpt":{"rendered":"<p>Una explicaci\u00f3n de los beneficios de la mente de la iluminaci\u00f3n como preparaci\u00f3n para la toma de los votos de un Bodhisattva.<\/p>\n","protected":false},"featured_media":8594,"template":"","meta":[],"product_brand":[],"product_cat":[427],"product_tag":[],"class_list":{"0":"post-8588","1":"product","2":"type-product","3":"status-publish","4":"has-post-thumbnail","6":"product_cat-lamrim-y-el-entrenamiento-mental","7":"pa_book-author-gyaltsab-rinpoche-es","8":"pa_book-category-lamrim-y-el-entrenamiento-mental","10":"first","11":"instock","12":"featured","13":"downloadable","14":"virtual","15":"product-type-simple"},"yoast_head":"<!-- This site is optimized with the Yoast SEO plugin v27.1.1 - https:\/\/yoast.com\/product\/yoast-seo-wordpress\/ -->\n<title>Segundo cap\u00edtulo: Purificaci\u00f3n de negatividades - happymonkspublication.org<\/title>\n<meta name=\"robots\" content=\"index, follow, max-snippet:-1, max-image-preview:large, max-video-preview:-1\" \/>\n<link rel=\"canonical\" href=\"https:\/\/happymonkspublication.org\/es\/producto\/segundo-capitulo-purificacion-de-negatividades\/\" \/>\n<meta property=\"og:locale\" content=\"es_ES\" \/>\n<meta property=\"og:type\" content=\"article\" \/>\n<meta property=\"og:title\" content=\"Segundo cap\u00edtulo: Purificaci\u00f3n de negatividades - happymonkspublication.org\" \/>\n<meta property=\"og:description\" content=\"Una explicaci\u00f3n de los beneficios de la mente de la iluminaci\u00f3n como preparaci\u00f3n para la toma de los votos de un Bodhisattva.\" \/>\n<meta property=\"og:url\" content=\"https:\/\/happymonkspublication.org\/es\/producto\/segundo-capitulo-purificacion-de-negatividades\/\" \/>\n<meta property=\"og:site_name\" content=\"happymonkspublication.org\" \/>\n<meta property=\"article:modified_time\" content=\"2019-02-19T13:25:41+00:00\" \/>\n<meta property=\"og:image\" content=\"https:\/\/happymonkspublication.org\/wp-content\/uploads\/2018\/12\/HMP_BVC-Cap2.jpg\" \/>\n\t<meta property=\"og:image:width\" content=\"692\" \/>\n\t<meta property=\"og:image:height\" content=\"983\" \/>\n\t<meta property=\"og:image:type\" content=\"image\/jpeg\" \/>\n<meta name=\"twitter:card\" content=\"summary_large_image\" \/>\n<script type=\"application\/ld+json\" class=\"yoast-schema-graph\">{\"@context\":\"https:\/\/schema.org\",\"@graph\":[{\"@type\":\"WebPage\",\"@id\":\"https:\/\/happymonkspublication.org\/es\/producto\/segundo-capitulo-purificacion-de-negatividades\/\",\"url\":\"https:\/\/happymonkspublication.org\/es\/producto\/segundo-capitulo-purificacion-de-negatividades\/\",\"name\":\"Segundo cap\u00edtulo: Purificaci\u00f3n de negatividades - happymonkspublication.org\",\"isPartOf\":{\"@id\":\"https:\/\/happymonkspublication.org\/#website\"},\"primaryImageOfPage\":{\"@id\":\"https:\/\/happymonkspublication.org\/es\/producto\/segundo-capitulo-purificacion-de-negatividades\/#primaryimage\"},\"image\":{\"@id\":\"https:\/\/happymonkspublication.org\/es\/producto\/segundo-capitulo-purificacion-de-negatividades\/#primaryimage\"},\"thumbnailUrl\":\"https:\/\/happymonkspublication.org\/wp-content\/uploads\/2018\/12\/HMP_BVC-Cap2.jpg\",\"datePublished\":\"2018-12-05T20:48:12+00:00\",\"dateModified\":\"2019-02-19T13:25:41+00:00\",\"breadcrumb\":{\"@id\":\"https:\/\/happymonkspublication.org\/es\/producto\/segundo-capitulo-purificacion-de-negatividades\/#breadcrumb\"},\"inLanguage\":\"es\",\"potentialAction\":[{\"@type\":\"ReadAction\",\"target\":[\"https:\/\/happymonkspublication.org\/es\/producto\/segundo-capitulo-purificacion-de-negatividades\/\"]}]},{\"@type\":\"ImageObject\",\"inLanguage\":\"es\",\"@id\":\"https:\/\/happymonkspublication.org\/es\/producto\/segundo-capitulo-purificacion-de-negatividades\/#primaryimage\",\"url\":\"https:\/\/happymonkspublication.org\/wp-content\/uploads\/2018\/12\/HMP_BVC-Cap2.jpg\",\"contentUrl\":\"https:\/\/happymonkspublication.org\/wp-content\/uploads\/2018\/12\/HMP_BVC-Cap2.jpg\",\"width\":692,\"height\":983,\"caption\":\"HappyMonksPublication - Bodhisattvacharyavatara - Cap 2 - front\"},{\"@type\":\"BreadcrumbList\",\"@id\":\"https:\/\/happymonkspublication.org\/es\/producto\/segundo-capitulo-purificacion-de-negatividades\/#breadcrumb\",\"itemListElement\":[{\"@type\":\"ListItem\",\"position\":1,\"name\":\"Home\",\"item\":\"https:\/\/happymonkspublication.org\/es\/inicio\/\"},{\"@type\":\"ListItem\",\"position\":2,\"name\":\"Shop\",\"item\":\"https:\/\/happymonkspublication.org\/shop\/\"},{\"@type\":\"ListItem\",\"position\":3,\"name\":\"Segundo cap\u00edtulo: Purificaci\u00f3n de negatividades\"}]},{\"@type\":\"WebSite\",\"@id\":\"https:\/\/happymonkspublication.org\/#website\",\"url\":\"https:\/\/happymonkspublication.org\/\",\"name\":\"happymonkspublication.org\",\"description\":\"HappyMonksPublication\",\"publisher\":{\"@id\":\"https:\/\/happymonkspublication.org\/#organization\"},\"potentialAction\":[{\"@type\":\"SearchAction\",\"target\":{\"@type\":\"EntryPoint\",\"urlTemplate\":\"https:\/\/happymonkspublication.org\/?s={search_term_string}\"},\"query-input\":{\"@type\":\"PropertyValueSpecification\",\"valueRequired\":true,\"valueName\":\"search_term_string\"}}],\"inLanguage\":\"es\"},{\"@type\":\"Organization\",\"@id\":\"https:\/\/happymonkspublication.org\/#organization\",\"name\":\"HappyMonksPublication\",\"url\":\"https:\/\/happymonkspublication.org\/\",\"logo\":{\"@type\":\"ImageObject\",\"inLanguage\":\"es\",\"@id\":\"https:\/\/happymonkspublication.org\/#\/schema\/logo\/image\/\",\"url\":\"https:\/\/happymonkspublication.org\/wp-content\/uploads\/2018\/02\/happymonkspublication-logo_quer_maron_439px.png\",\"contentUrl\":\"https:\/\/happymonkspublication.org\/wp-content\/uploads\/2018\/02\/happymonkspublication-logo_quer_maron_439px.png\",\"width\":709,\"height\":376,\"caption\":\"HappyMonksPublication\"},\"image\":{\"@id\":\"https:\/\/happymonkspublication.org\/#\/schema\/logo\/image\/\"}}]}<\/script>\n<!-- \/ Yoast SEO plugin. -->","yoast_head_json":{"title":"Segundo cap\u00edtulo: Purificaci\u00f3n de negatividades - happymonkspublication.org","robots":{"index":"index","follow":"follow","max-snippet":"max-snippet:-1","max-image-preview":"max-image-preview:large","max-video-preview":"max-video-preview:-1"},"canonical":"https:\/\/happymonkspublication.org\/es\/producto\/segundo-capitulo-purificacion-de-negatividades\/","og_locale":"es_ES","og_type":"article","og_title":"Segundo cap\u00edtulo: Purificaci\u00f3n de negatividades - happymonkspublication.org","og_description":"Una explicaci\u00f3n de los beneficios de la mente de la iluminaci\u00f3n como preparaci\u00f3n para la toma de los votos de un Bodhisattva.","og_url":"https:\/\/happymonkspublication.org\/es\/producto\/segundo-capitulo-purificacion-de-negatividades\/","og_site_name":"happymonkspublication.org","article_modified_time":"2019-02-19T13:25:41+00:00","og_image":[{"width":692,"height":983,"url":"https:\/\/happymonkspublication.org\/wp-content\/uploads\/2018\/12\/HMP_BVC-Cap2.jpg","type":"image\/jpeg"}],"twitter_card":"summary_large_image","schema":{"@context":"https:\/\/schema.org","@graph":[{"@type":"WebPage","@id":"https:\/\/happymonkspublication.org\/es\/producto\/segundo-capitulo-purificacion-de-negatividades\/","url":"https:\/\/happymonkspublication.org\/es\/producto\/segundo-capitulo-purificacion-de-negatividades\/","name":"Segundo cap\u00edtulo: Purificaci\u00f3n de negatividades - happymonkspublication.org","isPartOf":{"@id":"https:\/\/happymonkspublication.org\/#website"},"primaryImageOfPage":{"@id":"https:\/\/happymonkspublication.org\/es\/producto\/segundo-capitulo-purificacion-de-negatividades\/#primaryimage"},"image":{"@id":"https:\/\/happymonkspublication.org\/es\/producto\/segundo-capitulo-purificacion-de-negatividades\/#primaryimage"},"thumbnailUrl":"https:\/\/happymonkspublication.org\/wp-content\/uploads\/2018\/12\/HMP_BVC-Cap2.jpg","datePublished":"2018-12-05T20:48:12+00:00","dateModified":"2019-02-19T13:25:41+00:00","breadcrumb":{"@id":"https:\/\/happymonkspublication.org\/es\/producto\/segundo-capitulo-purificacion-de-negatividades\/#breadcrumb"},"inLanguage":"es","potentialAction":[{"@type":"ReadAction","target":["https:\/\/happymonkspublication.org\/es\/producto\/segundo-capitulo-purificacion-de-negatividades\/"]}]},{"@type":"ImageObject","inLanguage":"es","@id":"https:\/\/happymonkspublication.org\/es\/producto\/segundo-capitulo-purificacion-de-negatividades\/#primaryimage","url":"https:\/\/happymonkspublication.org\/wp-content\/uploads\/2018\/12\/HMP_BVC-Cap2.jpg","contentUrl":"https:\/\/happymonkspublication.org\/wp-content\/uploads\/2018\/12\/HMP_BVC-Cap2.jpg","width":692,"height":983,"caption":"HappyMonksPublication - Bodhisattvacharyavatara - Cap 2 - front"},{"@type":"BreadcrumbList","@id":"https:\/\/happymonkspublication.org\/es\/producto\/segundo-capitulo-purificacion-de-negatividades\/#breadcrumb","itemListElement":[{"@type":"ListItem","position":1,"name":"Home","item":"https:\/\/happymonkspublication.org\/es\/inicio\/"},{"@type":"ListItem","position":2,"name":"Shop","item":"https:\/\/happymonkspublication.org\/shop\/"},{"@type":"ListItem","position":3,"name":"Segundo cap\u00edtulo: Purificaci\u00f3n de negatividades"}]},{"@type":"WebSite","@id":"https:\/\/happymonkspublication.org\/#website","url":"https:\/\/happymonkspublication.org\/","name":"happymonkspublication.org","description":"HappyMonksPublication","publisher":{"@id":"https:\/\/happymonkspublication.org\/#organization"},"potentialAction":[{"@type":"SearchAction","target":{"@type":"EntryPoint","urlTemplate":"https:\/\/happymonkspublication.org\/?s={search_term_string}"},"query-input":{"@type":"PropertyValueSpecification","valueRequired":true,"valueName":"search_term_string"}}],"inLanguage":"es"},{"@type":"Organization","@id":"https:\/\/happymonkspublication.org\/#organization","name":"HappyMonksPublication","url":"https:\/\/happymonkspublication.org\/","logo":{"@type":"ImageObject","inLanguage":"es","@id":"https:\/\/happymonkspublication.org\/#\/schema\/logo\/image\/","url":"https:\/\/happymonkspublication.org\/wp-content\/uploads\/2018\/02\/happymonkspublication-logo_quer_maron_439px.png","contentUrl":"https:\/\/happymonkspublication.org\/wp-content\/uploads\/2018\/02\/happymonkspublication-logo_quer_maron_439px.png","width":709,"height":376,"caption":"HappyMonksPublication"},"image":{"@id":"https:\/\/happymonkspublication.org\/#\/schema\/logo\/image\/"}}]}},"_links":{"self":[{"href":"https:\/\/happymonkspublication.org\/es\/wp-json\/wp\/v2\/product\/8588","targetHints":{"allow":["GET"]}}],"collection":[{"href":"https:\/\/happymonkspublication.org\/es\/wp-json\/wp\/v2\/product"}],"about":[{"href":"https:\/\/happymonkspublication.org\/es\/wp-json\/wp\/v2\/types\/product"}],"wp:featuredmedia":[{"embeddable":true,"href":"https:\/\/happymonkspublication.org\/es\/wp-json\/wp\/v2\/media\/8594"}],"wp:attachment":[{"href":"https:\/\/happymonkspublication.org\/es\/wp-json\/wp\/v2\/media?parent=8588"}],"wp:term":[{"taxonomy":"product_brand","embeddable":true,"href":"https:\/\/happymonkspublication.org\/es\/wp-json\/wp\/v2\/product_brand?post=8588"},{"taxonomy":"product_cat","embeddable":true,"href":"https:\/\/happymonkspublication.org\/es\/wp-json\/wp\/v2\/product_cat?post=8588"},{"taxonomy":"product_tag","embeddable":true,"href":"https:\/\/happymonkspublication.org\/es\/wp-json\/wp\/v2\/product_tag?post=8588"}],"curies":[{"name":"wp","href":"https:\/\/api.w.org\/{rel}","templated":true}]}}