{"id":8663,"date":"2018-12-06T20:47:45","date_gmt":"2018-12-06T19:47:45","guid":{"rendered":"https:\/\/happymonkspublication.org\/?post_type=product&#038;p=8663"},"modified":"2019-02-19T14:24:18","modified_gmt":"2019-02-19T13:24:18","slug":"quinto-capitulo-la-introspeccion","status":"publish","type":"product","link":"https:\/\/happymonkspublication.org\/es\/producto\/quinto-capitulo-la-introspeccion\/","title":{"rendered":"Quinto cap\u00edtulo: La Introspecci\u00f3n"},"content":{"rendered":"<div id=\"fb-root\"><\/div>\n","protected":false},"excerpt":{"rendered":"<p>En este cap\u00edtulo se explica, c\u00f3mo la protecci\u00f3n de la mente con atenci\u00f3n e introspecci\u00f3n es la clave para guardar los entrenamientos.<br \/>\nEn este contexto, se explica la pr\u00e1ctica de la \u00e9tica, que ha ido m\u00e1s all\u00e1 en tres aspectos \u2013la \u00e9tica de abstinencia, le \u00e9tica de acumular m\u00e9rito y la \u00e9tica que logra el bien de los seres vivos.<\/p>\n","protected":false},"featured_media":8691,"template":"","meta":[],"product_brand":[],"product_cat":[427],"product_tag":[],"class_list":{"0":"post-8663","1":"product","2":"type-product","3":"status-publish","4":"has-post-thumbnail","6":"product_cat-lamrim-y-el-entrenamiento-mental","7":"pa_book-author-gyaltsab-rinpoche-es","8":"pa_book-category-lamrim-y-el-entrenamiento-mental","10":"first","11":"instock","12":"featured","13":"downloadable","14":"virtual","15":"product-type-simple"},"yoast_head":"<!-- This site is optimized with the Yoast SEO plugin v27.1.1 - https:\/\/yoast.com\/product\/yoast-seo-wordpress\/ -->\n<title>Quinto cap\u00edtulo: La Introspecci\u00f3n - happymonkspublication.org<\/title>\n<meta name=\"robots\" content=\"index, follow, max-snippet:-1, max-image-preview:large, max-video-preview:-1\" \/>\n<link rel=\"canonical\" href=\"https:\/\/happymonkspublication.org\/es\/producto\/quinto-capitulo-la-introspeccion\/\" \/>\n<meta property=\"og:locale\" content=\"es_ES\" \/>\n<meta property=\"og:type\" content=\"article\" \/>\n<meta property=\"og:title\" content=\"Quinto cap\u00edtulo: La Introspecci\u00f3n - happymonkspublication.org\" \/>\n<meta property=\"og:description\" content=\"En este cap\u00edtulo se explica, c\u00f3mo la protecci\u00f3n de la mente con atenci\u00f3n e introspecci\u00f3n es la clave para guardar los entrenamientos. En este contexto, se explica la pr\u00e1ctica de la \u00e9tica, que ha ido m\u00e1s all\u00e1 en tres aspectos \u2013la \u00e9tica de abstinencia, le \u00e9tica de acumular m\u00e9rito y la \u00e9tica que logra el bien de los seres vivos.\" \/>\n<meta property=\"og:url\" content=\"https:\/\/happymonkspublication.org\/es\/producto\/quinto-capitulo-la-introspeccion\/\" \/>\n<meta property=\"og:site_name\" content=\"happymonkspublication.org\" \/>\n<meta property=\"article:modified_time\" content=\"2019-02-19T13:24:18+00:00\" \/>\n<meta property=\"og:image\" content=\"https:\/\/happymonkspublication.org\/wp-content\/uploads\/2018\/12\/HMP_BVC-Cap5.jpg\" \/>\n\t<meta property=\"og:image:width\" content=\"789\" \/>\n\t<meta property=\"og:image:height\" content=\"1118\" \/>\n\t<meta property=\"og:image:type\" content=\"image\/jpeg\" \/>\n<meta name=\"twitter:card\" content=\"summary_large_image\" \/>\n<script type=\"application\/ld+json\" class=\"yoast-schema-graph\">{\"@context\":\"https:\/\/schema.org\",\"@graph\":[{\"@type\":\"WebPage\",\"@id\":\"https:\/\/happymonkspublication.org\/es\/producto\/quinto-capitulo-la-introspeccion\/\",\"url\":\"https:\/\/happymonkspublication.org\/es\/producto\/quinto-capitulo-la-introspeccion\/\",\"name\":\"Quinto cap\u00edtulo: La Introspecci\u00f3n - happymonkspublication.org\",\"isPartOf\":{\"@id\":\"https:\/\/happymonkspublication.org\/#website\"},\"primaryImageOfPage\":{\"@id\":\"https:\/\/happymonkspublication.org\/es\/producto\/quinto-capitulo-la-introspeccion\/#primaryimage\"},\"image\":{\"@id\":\"https:\/\/happymonkspublication.org\/es\/producto\/quinto-capitulo-la-introspeccion\/#primaryimage\"},\"thumbnailUrl\":\"https:\/\/happymonkspublication.org\/wp-content\/uploads\/2018\/12\/HMP_BVC-Cap5.jpg\",\"datePublished\":\"2018-12-06T19:47:45+00:00\",\"dateModified\":\"2019-02-19T13:24:18+00:00\",\"breadcrumb\":{\"@id\":\"https:\/\/happymonkspublication.org\/es\/producto\/quinto-capitulo-la-introspeccion\/#breadcrumb\"},\"inLanguage\":\"es\",\"potentialAction\":[{\"@type\":\"ReadAction\",\"target\":[\"https:\/\/happymonkspublication.org\/es\/producto\/quinto-capitulo-la-introspeccion\/\"]}]},{\"@type\":\"ImageObject\",\"inLanguage\":\"es\",\"@id\":\"https:\/\/happymonkspublication.org\/es\/producto\/quinto-capitulo-la-introspeccion\/#primaryimage\",\"url\":\"https:\/\/happymonkspublication.org\/wp-content\/uploads\/2018\/12\/HMP_BVC-Cap5.jpg\",\"contentUrl\":\"https:\/\/happymonkspublication.org\/wp-content\/uploads\/2018\/12\/HMP_BVC-Cap5.jpg\",\"width\":789,\"height\":1118,\"caption\":\"HappyMonksPublication - Bodhisattvacharyavatara - Cap 5\"},{\"@type\":\"BreadcrumbList\",\"@id\":\"https:\/\/happymonkspublication.org\/es\/producto\/quinto-capitulo-la-introspeccion\/#breadcrumb\",\"itemListElement\":[{\"@type\":\"ListItem\",\"position\":1,\"name\":\"Home\",\"item\":\"https:\/\/happymonkspublication.org\/es\/inicio\/\"},{\"@type\":\"ListItem\",\"position\":2,\"name\":\"Shop\",\"item\":\"https:\/\/happymonkspublication.org\/shop\/\"},{\"@type\":\"ListItem\",\"position\":3,\"name\":\"Quinto cap\u00edtulo: La Introspecci\u00f3n\"}]},{\"@type\":\"WebSite\",\"@id\":\"https:\/\/happymonkspublication.org\/#website\",\"url\":\"https:\/\/happymonkspublication.org\/\",\"name\":\"happymonkspublication.org\",\"description\":\"HappyMonksPublication\",\"publisher\":{\"@id\":\"https:\/\/happymonkspublication.org\/#organization\"},\"potentialAction\":[{\"@type\":\"SearchAction\",\"target\":{\"@type\":\"EntryPoint\",\"urlTemplate\":\"https:\/\/happymonkspublication.org\/?s={search_term_string}\"},\"query-input\":{\"@type\":\"PropertyValueSpecification\",\"valueRequired\":true,\"valueName\":\"search_term_string\"}}],\"inLanguage\":\"es\"},{\"@type\":\"Organization\",\"@id\":\"https:\/\/happymonkspublication.org\/#organization\",\"name\":\"HappyMonksPublication\",\"url\":\"https:\/\/happymonkspublication.org\/\",\"logo\":{\"@type\":\"ImageObject\",\"inLanguage\":\"es\",\"@id\":\"https:\/\/happymonkspublication.org\/#\/schema\/logo\/image\/\",\"url\":\"https:\/\/happymonkspublication.org\/wp-content\/uploads\/2018\/02\/happymonkspublication-logo_quer_maron_439px.png\",\"contentUrl\":\"https:\/\/happymonkspublication.org\/wp-content\/uploads\/2018\/02\/happymonkspublication-logo_quer_maron_439px.png\",\"width\":709,\"height\":376,\"caption\":\"HappyMonksPublication\"},\"image\":{\"@id\":\"https:\/\/happymonkspublication.org\/#\/schema\/logo\/image\/\"}}]}<\/script>\n<!-- \/ Yoast SEO plugin. -->","yoast_head_json":{"title":"Quinto cap\u00edtulo: La Introspecci\u00f3n - happymonkspublication.org","robots":{"index":"index","follow":"follow","max-snippet":"max-snippet:-1","max-image-preview":"max-image-preview:large","max-video-preview":"max-video-preview:-1"},"canonical":"https:\/\/happymonkspublication.org\/es\/producto\/quinto-capitulo-la-introspeccion\/","og_locale":"es_ES","og_type":"article","og_title":"Quinto cap\u00edtulo: La Introspecci\u00f3n - happymonkspublication.org","og_description":"En este cap\u00edtulo se explica, c\u00f3mo la protecci\u00f3n de la mente con atenci\u00f3n e introspecci\u00f3n es la clave para guardar los entrenamientos. En este contexto, se explica la pr\u00e1ctica de la \u00e9tica, que ha ido m\u00e1s all\u00e1 en tres aspectos \u2013la \u00e9tica de abstinencia, le \u00e9tica de acumular m\u00e9rito y la \u00e9tica que logra el bien de los seres vivos.","og_url":"https:\/\/happymonkspublication.org\/es\/producto\/quinto-capitulo-la-introspeccion\/","og_site_name":"happymonkspublication.org","article_modified_time":"2019-02-19T13:24:18+00:00","og_image":[{"width":789,"height":1118,"url":"https:\/\/happymonkspublication.org\/wp-content\/uploads\/2018\/12\/HMP_BVC-Cap5.jpg","type":"image\/jpeg"}],"twitter_card":"summary_large_image","schema":{"@context":"https:\/\/schema.org","@graph":[{"@type":"WebPage","@id":"https:\/\/happymonkspublication.org\/es\/producto\/quinto-capitulo-la-introspeccion\/","url":"https:\/\/happymonkspublication.org\/es\/producto\/quinto-capitulo-la-introspeccion\/","name":"Quinto cap\u00edtulo: La Introspecci\u00f3n - happymonkspublication.org","isPartOf":{"@id":"https:\/\/happymonkspublication.org\/#website"},"primaryImageOfPage":{"@id":"https:\/\/happymonkspublication.org\/es\/producto\/quinto-capitulo-la-introspeccion\/#primaryimage"},"image":{"@id":"https:\/\/happymonkspublication.org\/es\/producto\/quinto-capitulo-la-introspeccion\/#primaryimage"},"thumbnailUrl":"https:\/\/happymonkspublication.org\/wp-content\/uploads\/2018\/12\/HMP_BVC-Cap5.jpg","datePublished":"2018-12-06T19:47:45+00:00","dateModified":"2019-02-19T13:24:18+00:00","breadcrumb":{"@id":"https:\/\/happymonkspublication.org\/es\/producto\/quinto-capitulo-la-introspeccion\/#breadcrumb"},"inLanguage":"es","potentialAction":[{"@type":"ReadAction","target":["https:\/\/happymonkspublication.org\/es\/producto\/quinto-capitulo-la-introspeccion\/"]}]},{"@type":"ImageObject","inLanguage":"es","@id":"https:\/\/happymonkspublication.org\/es\/producto\/quinto-capitulo-la-introspeccion\/#primaryimage","url":"https:\/\/happymonkspublication.org\/wp-content\/uploads\/2018\/12\/HMP_BVC-Cap5.jpg","contentUrl":"https:\/\/happymonkspublication.org\/wp-content\/uploads\/2018\/12\/HMP_BVC-Cap5.jpg","width":789,"height":1118,"caption":"HappyMonksPublication - Bodhisattvacharyavatara - Cap 5"},{"@type":"BreadcrumbList","@id":"https:\/\/happymonkspublication.org\/es\/producto\/quinto-capitulo-la-introspeccion\/#breadcrumb","itemListElement":[{"@type":"ListItem","position":1,"name":"Home","item":"https:\/\/happymonkspublication.org\/es\/inicio\/"},{"@type":"ListItem","position":2,"name":"Shop","item":"https:\/\/happymonkspublication.org\/shop\/"},{"@type":"ListItem","position":3,"name":"Quinto cap\u00edtulo: La Introspecci\u00f3n"}]},{"@type":"WebSite","@id":"https:\/\/happymonkspublication.org\/#website","url":"https:\/\/happymonkspublication.org\/","name":"happymonkspublication.org","description":"HappyMonksPublication","publisher":{"@id":"https:\/\/happymonkspublication.org\/#organization"},"potentialAction":[{"@type":"SearchAction","target":{"@type":"EntryPoint","urlTemplate":"https:\/\/happymonkspublication.org\/?s={search_term_string}"},"query-input":{"@type":"PropertyValueSpecification","valueRequired":true,"valueName":"search_term_string"}}],"inLanguage":"es"},{"@type":"Organization","@id":"https:\/\/happymonkspublication.org\/#organization","name":"HappyMonksPublication","url":"https:\/\/happymonkspublication.org\/","logo":{"@type":"ImageObject","inLanguage":"es","@id":"https:\/\/happymonkspublication.org\/#\/schema\/logo\/image\/","url":"https:\/\/happymonkspublication.org\/wp-content\/uploads\/2018\/02\/happymonkspublication-logo_quer_maron_439px.png","contentUrl":"https:\/\/happymonkspublication.org\/wp-content\/uploads\/2018\/02\/happymonkspublication-logo_quer_maron_439px.png","width":709,"height":376,"caption":"HappyMonksPublication"},"image":{"@id":"https:\/\/happymonkspublication.org\/#\/schema\/logo\/image\/"}}]}},"_links":{"self":[{"href":"https:\/\/happymonkspublication.org\/es\/wp-json\/wp\/v2\/product\/8663","targetHints":{"allow":["GET"]}}],"collection":[{"href":"https:\/\/happymonkspublication.org\/es\/wp-json\/wp\/v2\/product"}],"about":[{"href":"https:\/\/happymonkspublication.org\/es\/wp-json\/wp\/v2\/types\/product"}],"wp:featuredmedia":[{"embeddable":true,"href":"https:\/\/happymonkspublication.org\/es\/wp-json\/wp\/v2\/media\/8691"}],"wp:attachment":[{"href":"https:\/\/happymonkspublication.org\/es\/wp-json\/wp\/v2\/media?parent=8663"}],"wp:term":[{"taxonomy":"product_brand","embeddable":true,"href":"https:\/\/happymonkspublication.org\/es\/wp-json\/wp\/v2\/product_brand?post=8663"},{"taxonomy":"product_cat","embeddable":true,"href":"https:\/\/happymonkspublication.org\/es\/wp-json\/wp\/v2\/product_cat?post=8663"},{"taxonomy":"product_tag","embeddable":true,"href":"https:\/\/happymonkspublication.org\/es\/wp-json\/wp\/v2\/product_tag?post=8663"}],"curies":[{"name":"wp","href":"https:\/\/api.w.org\/{rel}","templated":true}]}}